{"id":10810,"date":"2021-01-25T07:29:05","date_gmt":"2021-02-04T19:52:52","guid":{"rendered":"http:\/\/ggiantcaprod.wpengine.com\/?post_type=product&#038;p=10810"},"modified":"2021-03-09T00:18:47","modified_gmt":"2021-03-09T00:18:47","slug":"mais-a-grains-entiers-niblets-en-conserve","status":"publish","type":"product","link":"https:\/\/greengiantcanada.ca\/fr\/our-products\/mais-a-grains-entiers-niblets-en-conserve\/","title":{"rendered":"MA\u00cfS \u00c0 GRAINS ENTIERS NIBLETS* EN CONSERVE"},"content":{"rendered":"<p>MA\u00cfS \u00c0 GRAINS ENTIERS PR\u00c9SERV\u00c9 DANS SA FRA\u00ceCHEUR OPTIMALE POUR CONSERVER SA FERMET\u00c9 ET SA SAVEUR. ESSAYEZ-LE EN ACCOMPAGNEMENT OU DANS UNE RECETTE POUR AJOUTER DES L\u00c9GUMES \u00c0 VOTRE REPAS.<\/p>\n","protected":false},"excerpt":{"rendered":"<p>MA\u00cfS \u00c0 GRAINS ENTIERS PR\u00c9SERV\u00c9 DANS SA FRA\u00ceCHEUR OPTIMALE POUR CONSERVER SA FERMET\u00c9 ET SA SAVEUR. ESSAYEZ-LE EN ACCOMPAGNEMENT OU DANS UNE RECETTE POUR AJOUTER DES L\u00c9GUMES \u00c0 VOTRE REPAS.<\/p>\n","protected":false},"featured_media":10811,"template":"","meta":{"_acf_changed":false},"product_brand":[],"product_cat":[687],"product_tag":[],"class_list":{"0":"post-10810","1":"product","2":"type-product","3":"status-publish","4":"has-post-thumbnail","6":"vegetables_contained-yellow-corn-fr","7":"product_cat-legumes-en-conserve","9":"first","10":"instock","11":"shipping-taxable","12":"purchasable","13":"product-type-simple"},"acf":[],"yoast_head":"<!-- This site is optimized with the Yoast SEO Premium plugin v26.0 (Yoast SEO v27.0) - https:\/\/yoast.com\/product\/yoast-seo-premium-wordpress\/ -->\n<title>MA\u00cfS \u00c0 GRAINS ENTIERS NIBLETS* EN CONSERVE - Green Giant* Canada<\/title>\n<meta name=\"robots\" content=\"index, follow, max-snippet:-1, max-image-preview:large, max-video-preview:-1\" \/>\n<link rel=\"canonical\" href=\"https:\/\/greengiantcanada.ca\/fr\/our-products\/mais-a-grains-entiers-niblets-en-conserve\/\" \/>\n<meta property=\"og:locale\" content=\"fr_FR\" \/>\n<meta property=\"og:type\" content=\"article\" \/>\n<meta property=\"og:title\" content=\"MA\u00cfS \u00c0 GRAINS ENTIERS NIBLETS* EN CONSERVE\" \/>\n<meta property=\"og:description\" content=\"MA\u00cfS \u00c0 GRAINS ENTIERS PR\u00c9SERV\u00c9 DANS SA FRA\u00ceCHEUR OPTIMALE POUR CONSERVER SA FERMET\u00c9 ET SA SAVEUR. ESSAYEZ-LE EN ACCOMPAGNEMENT OU DANS UNE RECETTE POUR\" \/>\n<meta property=\"og:url\" content=\"https:\/\/greengiantcanada.ca\/fr\/our-products\/mais-a-grains-entiers-niblets-en-conserve\/\" \/>\n<meta property=\"og:site_name\" content=\"Green Giant* Canada\" \/>\n<meta property=\"article:publisher\" content=\"https:\/\/www.facebook.com\/greengiantcanada\/\" \/>\n<meta property=\"article:modified_time\" content=\"2021-03-09T00:18:47+00:00\" \/>\n<meta property=\"og:image\" content=\"https:\/\/greengiantcanada.ca\/wp-content\/uploads\/Mai\u0308s-A\u0300-Grains-Entiers-Niblets-En-Conserve.png\" \/>\n\t<meta property=\"og:image:width\" content=\"530\" \/>\n\t<meta property=\"og:image:height\" content=\"530\" \/>\n\t<meta property=\"og:image:type\" content=\"image\/png\" \/>\n<meta name=\"twitter:card\" content=\"summary_large_image\" \/>\n<script type=\"application\/ld+json\" class=\"yoast-schema-graph\">{\"@context\":\"https:\/\/schema.org\",\"@graph\":[{\"@type\":\"WebPage\",\"@id\":\"https:\/\/greengiantcanada.ca\/fr\/our-products\/mais-a-grains-entiers-niblets-en-conserve\/\",\"url\":\"https:\/\/greengiantcanada.ca\/fr\/our-products\/mais-a-grains-entiers-niblets-en-conserve\/\",\"name\":\"MA\u00cfS \u00c0 GRAINS ENTIERS NIBLETS* EN CONSERVE - Green Giant* Canada\",\"isPartOf\":{\"@id\":\"https:\/\/greengiantcanada.ca\/#website\"},\"primaryImageOfPage\":{\"@id\":\"https:\/\/greengiantcanada.ca\/fr\/our-products\/mais-a-grains-entiers-niblets-en-conserve\/#primaryimage\"},\"image\":{\"@id\":\"https:\/\/greengiantcanada.ca\/fr\/our-products\/mais-a-grains-entiers-niblets-en-conserve\/#primaryimage\"},\"thumbnailUrl\":\"https:\/\/greengiantcanada.ca\/wp-content\/uploads\/Mai\u0308s-A\u0300-Grains-Entiers-Niblets-En-Conserve.png\",\"datePublished\":\"2021-02-04T19:52:52+00:00\",\"dateModified\":\"2021-03-09T00:18:47+00:00\",\"breadcrumb\":{\"@id\":\"https:\/\/greengiantcanada.ca\/fr\/our-products\/mais-a-grains-entiers-niblets-en-conserve\/#breadcrumb\"},\"inLanguage\":\"fr-FR\",\"potentialAction\":[{\"@type\":\"ReadAction\",\"target\":[\"https:\/\/greengiantcanada.ca\/fr\/our-products\/mais-a-grains-entiers-niblets-en-conserve\/\"]}]},{\"@type\":\"ImageObject\",\"inLanguage\":\"fr-FR\",\"@id\":\"https:\/\/greengiantcanada.ca\/fr\/our-products\/mais-a-grains-entiers-niblets-en-conserve\/#primaryimage\",\"url\":\"https:\/\/greengiantcanada.ca\/wp-content\/uploads\/Mai\u0308s-A\u0300-Grains-Entiers-Niblets-En-Conserve.png\",\"contentUrl\":\"https:\/\/greengiantcanada.ca\/wp-content\/uploads\/Mai\u0308s-A\u0300-Grains-Entiers-Niblets-En-Conserve.png\",\"width\":530,\"height\":530},{\"@type\":\"BreadcrumbList\",\"@id\":\"https:\/\/greengiantcanada.ca\/fr\/our-products\/mais-a-grains-entiers-niblets-en-conserve\/#breadcrumb\",\"itemListElement\":[{\"@type\":\"ListItem\",\"position\":1,\"name\":\"Home\",\"item\":\"https:\/\/greengiantcanada.ca\/fr\/\"},{\"@type\":\"ListItem\",\"position\":2,\"name\":\"Our Products\",\"item\":\"https:\/\/greengiantcanada.ca\/our-products\/\"},{\"@type\":\"ListItem\",\"position\":3,\"name\":\"MA\u00cfS \u00c0 GRAINS ENTIERS NIBLETS* EN CONSERVE\"}]},{\"@type\":\"WebSite\",\"@id\":\"https:\/\/greengiantcanada.ca\/#website\",\"url\":\"https:\/\/greengiantcanada.ca\/\",\"name\":\"Green Giant* Canada\",\"description\":\"Welcome to the home of the Green Giant. Have a look at all of our vegetables and delicious recipes.\",\"publisher\":{\"@id\":\"https:\/\/greengiantcanada.ca\/#organization\"},\"potentialAction\":[{\"@type\":\"SearchAction\",\"target\":{\"@type\":\"EntryPoint\",\"urlTemplate\":\"https:\/\/greengiantcanada.ca\/?s={search_term_string}\"},\"query-input\":{\"@type\":\"PropertyValueSpecification\",\"valueRequired\":true,\"valueName\":\"search_term_string\"}}],\"inLanguage\":\"fr-FR\"},{\"@type\":\"Organization\",\"@id\":\"https:\/\/greengiantcanada.ca\/#organization\",\"name\":\"Green Giant* Canada\",\"url\":\"https:\/\/greengiantcanada.ca\/\",\"logo\":{\"@type\":\"ImageObject\",\"inLanguage\":\"fr-FR\",\"@id\":\"https:\/\/greengiantcanada.ca\/#\/schema\/logo\/image\/\",\"url\":\"https:\/\/greengiantcanada.ca\/wp-content\/uploads\/main-logo.png\",\"contentUrl\":\"https:\/\/greengiantcanada.ca\/wp-content\/uploads\/main-logo.png\",\"width\":181,\"height\":203,\"caption\":\"Green Giant* Canada\"},\"image\":{\"@id\":\"https:\/\/greengiantcanada.ca\/#\/schema\/logo\/image\/\"},\"sameAs\":[\"https:\/\/www.facebook.com\/greengiantcanada\/\",\"https:\/\/www.pinterest.ca\/greengiantcanada\/_created\/\",\"https:\/\/www.youtube.com\/channel\/UClXpcIXX3toIjW1HgKau_zA\"]}]}<\/script>\n<!-- \/ Yoast SEO Premium plugin. -->","yoast_head_json":{"title":"MA\u00cfS \u00c0 GRAINS ENTIERS NIBLETS* EN CONSERVE - Green Giant* Canada","robots":{"index":"index","follow":"follow","max-snippet":"max-snippet:-1","max-image-preview":"max-image-preview:large","max-video-preview":"max-video-preview:-1"},"canonical":"https:\/\/greengiantcanada.ca\/fr\/our-products\/mais-a-grains-entiers-niblets-en-conserve\/","og_locale":"fr_FR","og_type":"article","og_title":"MA\u00cfS \u00c0 GRAINS ENTIERS NIBLETS* EN CONSERVE","og_description":"MA\u00cfS \u00c0 GRAINS ENTIERS PR\u00c9SERV\u00c9 DANS SA FRA\u00ceCHEUR OPTIMALE POUR CONSERVER SA FERMET\u00c9 ET SA SAVEUR. ESSAYEZ-LE EN ACCOMPAGNEMENT OU DANS UNE RECETTE POUR","og_url":"https:\/\/greengiantcanada.ca\/fr\/our-products\/mais-a-grains-entiers-niblets-en-conserve\/","og_site_name":"Green Giant* Canada","article_publisher":"https:\/\/www.facebook.com\/greengiantcanada\/","article_modified_time":"2021-03-09T00:18:47+00:00","og_image":[{"width":530,"height":530,"url":"https:\/\/greengiantcanada.ca\/wp-content\/uploads\/Mai\u0308s-A\u0300-Grains-Entiers-Niblets-En-Conserve.png","type":"image\/png"}],"twitter_card":"summary_large_image","schema":{"@context":"https:\/\/schema.org","@graph":[{"@type":"WebPage","@id":"https:\/\/greengiantcanada.ca\/fr\/our-products\/mais-a-grains-entiers-niblets-en-conserve\/","url":"https:\/\/greengiantcanada.ca\/fr\/our-products\/mais-a-grains-entiers-niblets-en-conserve\/","name":"MA\u00cfS \u00c0 GRAINS ENTIERS NIBLETS* EN CONSERVE - Green Giant* Canada","isPartOf":{"@id":"https:\/\/greengiantcanada.ca\/#website"},"primaryImageOfPage":{"@id":"https:\/\/greengiantcanada.ca\/fr\/our-products\/mais-a-grains-entiers-niblets-en-conserve\/#primaryimage"},"image":{"@id":"https:\/\/greengiantcanada.ca\/fr\/our-products\/mais-a-grains-entiers-niblets-en-conserve\/#primaryimage"},"thumbnailUrl":"https:\/\/greengiantcanada.ca\/wp-content\/uploads\/Mai\u0308s-A\u0300-Grains-Entiers-Niblets-En-Conserve.png","datePublished":"2021-02-04T19:52:52+00:00","dateModified":"2021-03-09T00:18:47+00:00","breadcrumb":{"@id":"https:\/\/greengiantcanada.ca\/fr\/our-products\/mais-a-grains-entiers-niblets-en-conserve\/#breadcrumb"},"inLanguage":"fr-FR","potentialAction":[{"@type":"ReadAction","target":["https:\/\/greengiantcanada.ca\/fr\/our-products\/mais-a-grains-entiers-niblets-en-conserve\/"]}]},{"@type":"ImageObject","inLanguage":"fr-FR","@id":"https:\/\/greengiantcanada.ca\/fr\/our-products\/mais-a-grains-entiers-niblets-en-conserve\/#primaryimage","url":"https:\/\/greengiantcanada.ca\/wp-content\/uploads\/Mai\u0308s-A\u0300-Grains-Entiers-Niblets-En-Conserve.png","contentUrl":"https:\/\/greengiantcanada.ca\/wp-content\/uploads\/Mai\u0308s-A\u0300-Grains-Entiers-Niblets-En-Conserve.png","width":530,"height":530},{"@type":"BreadcrumbList","@id":"https:\/\/greengiantcanada.ca\/fr\/our-products\/mais-a-grains-entiers-niblets-en-conserve\/#breadcrumb","itemListElement":[{"@type":"ListItem","position":1,"name":"Home","item":"https:\/\/greengiantcanada.ca\/fr\/"},{"@type":"ListItem","position":2,"name":"Our Products","item":"https:\/\/greengiantcanada.ca\/our-products\/"},{"@type":"ListItem","position":3,"name":"MA\u00cfS \u00c0 GRAINS ENTIERS NIBLETS* EN CONSERVE"}]},{"@type":"WebSite","@id":"https:\/\/greengiantcanada.ca\/#website","url":"https:\/\/greengiantcanada.ca\/","name":"Green Giant* Canada","description":"Welcome to the home of the Green Giant. Have a look at all of our vegetables and delicious recipes.","publisher":{"@id":"https:\/\/greengiantcanada.ca\/#organization"},"potentialAction":[{"@type":"SearchAction","target":{"@type":"EntryPoint","urlTemplate":"https:\/\/greengiantcanada.ca\/?s={search_term_string}"},"query-input":{"@type":"PropertyValueSpecification","valueRequired":true,"valueName":"search_term_string"}}],"inLanguage":"fr-FR"},{"@type":"Organization","@id":"https:\/\/greengiantcanada.ca\/#organization","name":"Green Giant* Canada","url":"https:\/\/greengiantcanada.ca\/","logo":{"@type":"ImageObject","inLanguage":"fr-FR","@id":"https:\/\/greengiantcanada.ca\/#\/schema\/logo\/image\/","url":"https:\/\/greengiantcanada.ca\/wp-content\/uploads\/main-logo.png","contentUrl":"https:\/\/greengiantcanada.ca\/wp-content\/uploads\/main-logo.png","width":181,"height":203,"caption":"Green Giant* Canada"},"image":{"@id":"https:\/\/greengiantcanada.ca\/#\/schema\/logo\/image\/"},"sameAs":["https:\/\/www.facebook.com\/greengiantcanada\/","https:\/\/www.pinterest.ca\/greengiantcanada\/_created\/","https:\/\/www.youtube.com\/channel\/UClXpcIXX3toIjW1HgKau_zA"]}]}},"_links":{"self":[{"href":"https:\/\/greengiantcanada.ca\/fr\/wp-json\/wp\/v2\/product\/10810","targetHints":{"allow":["GET"]}}],"collection":[{"href":"https:\/\/greengiantcanada.ca\/fr\/wp-json\/wp\/v2\/product"}],"about":[{"href":"https:\/\/greengiantcanada.ca\/fr\/wp-json\/wp\/v2\/types\/product"}],"wp:featuredmedia":[{"embeddable":true,"href":"https:\/\/greengiantcanada.ca\/fr\/wp-json\/wp\/v2\/media\/10811"}],"wp:attachment":[{"href":"https:\/\/greengiantcanada.ca\/fr\/wp-json\/wp\/v2\/media?parent=10810"}],"wp:term":[{"taxonomy":"product_brand","embeddable":true,"href":"https:\/\/greengiantcanada.ca\/fr\/wp-json\/wp\/v2\/product_brand?post=10810"},{"taxonomy":"product_cat","embeddable":true,"href":"https:\/\/greengiantcanada.ca\/fr\/wp-json\/wp\/v2\/product_cat?post=10810"},{"taxonomy":"product_tag","embeddable":true,"href":"https:\/\/greengiantcanada.ca\/fr\/wp-json\/wp\/v2\/product_tag?post=10810"}],"curies":[{"name":"wp","href":"https:\/\/api.w.org\/{rel}","templated":true}]}}