{"id":10833,"date":"2021-01-25T07:28:56","date_gmt":"2021-02-04T21:19:03","guid":{"rendered":"http:\/\/ggiantcaprod.wpengine.com\/?post_type=product&#038;p=10833"},"modified":"2021-03-08T23:42:57","modified_gmt":"2021-03-08T23:42:57","slug":"legumes-mixtes-congeles","status":"publish","type":"product","link":"https:\/\/greengiantcanada.ca\/fr\/our-products\/legumes-mixtes-congeles\/","title":{"rendered":"L\u00c9GUMES MIXTES CONGEL\u00c9S"},"content":{"rendered":"<p>UN M\u00c9LANGE DE MA\u00cfS, DE CAROTTES EN D\u00c9S, DE POIS SUCR\u00c9S ET DE HARICOTS VERTS G\u00c9ANT VERT, TOUS CONGEL\u00c9S INSTANTAN\u00c9MENT POUR UN MAXIMUM DE SAVEUR ET DE FRA\u00ceCHEUR.<\/p>\n","protected":false},"excerpt":{"rendered":"<p>UN M\u00c9LANGE DE MA\u00cfS, DE CAROTTES EN D\u00c9S, DE POIS SUCR\u00c9S ET DE HARICOTS VERTS G\u00c9ANT VERT, TOUS CONGEL\u00c9S INSTANTAN\u00c9MENT POUR UN MAXIMUM DE SAVEUR ET DE FRA\u00ceCHEUR.<\/p>\n","protected":false},"featured_media":10227,"template":"","meta":{"_acf_changed":false},"product_brand":[],"product_cat":[688],"product_tag":[],"class_list":{"0":"post-10833","1":"product","2":"type-product","3":"status-publish","4":"has-post-thumbnail","6":"vegetables_contained-carrots-fr","7":"vegetables_contained-green-beans-fr","8":"vegetables_contained-yellow-corn-fr","9":"vegetables_contained-peas-fr","10":"product_cat-legumes-surgeles","12":"first","13":"instock","14":"shipping-taxable","15":"purchasable","16":"product-type-simple"},"acf":[],"yoast_head":"<!-- This site is optimized with the Yoast SEO Premium plugin v26.0 (Yoast SEO v27.0) - https:\/\/yoast.com\/product\/yoast-seo-premium-wordpress\/ -->\n<title>L\u00c9GUMES MIXTES CONGEL\u00c9S - Green Giant* Canada<\/title>\n<meta name=\"robots\" content=\"index, follow, max-snippet:-1, max-image-preview:large, max-video-preview:-1\" \/>\n<link rel=\"canonical\" href=\"https:\/\/greengiantcanada.ca\/fr\/our-products\/legumes-mixtes-congeles\/\" \/>\n<meta property=\"og:locale\" content=\"fr_FR\" \/>\n<meta property=\"og:type\" content=\"article\" \/>\n<meta property=\"og:title\" content=\"L\u00c9GUMES MIXTES CONGEL\u00c9S\" \/>\n<meta property=\"og:description\" content=\"UN M\u00c9LANGE DE MA\u00cfS, DE CAROTTES EN D\u00c9S, DE POIS SUCR\u00c9S ET DE HARICOTS VERTS G\u00c9ANT VERT, TOUS CONGEL\u00c9S INSTANTAN\u00c9MENT POUR UN MAXIMUM DE SAVEUR ET DE\" \/>\n<meta property=\"og:url\" content=\"https:\/\/greengiantcanada.ca\/fr\/our-products\/legumes-mixtes-congeles\/\" \/>\n<meta property=\"og:site_name\" content=\"Green Giant* Canada\" \/>\n<meta property=\"article:publisher\" content=\"https:\/\/www.facebook.com\/greengiantcanada\/\" \/>\n<meta property=\"article:modified_time\" content=\"2021-03-08T23:42:57+00:00\" \/>\n<meta property=\"og:image\" content=\"https:\/\/greengiantcanada.ca\/wp-content\/uploads\/frozen-mixed-vegetables.png\" \/>\n\t<meta property=\"og:image:width\" content=\"530\" \/>\n\t<meta property=\"og:image:height\" content=\"530\" \/>\n\t<meta property=\"og:image:type\" content=\"image\/png\" \/>\n<meta name=\"twitter:card\" content=\"summary_large_image\" \/>\n<script type=\"application\/ld+json\" class=\"yoast-schema-graph\">{\"@context\":\"https:\/\/schema.org\",\"@graph\":[{\"@type\":\"WebPage\",\"@id\":\"https:\/\/greengiantcanada.ca\/fr\/our-products\/legumes-mixtes-congeles\/\",\"url\":\"https:\/\/greengiantcanada.ca\/fr\/our-products\/legumes-mixtes-congeles\/\",\"name\":\"L\u00c9GUMES MIXTES CONGEL\u00c9S - Green Giant* Canada\",\"isPartOf\":{\"@id\":\"https:\/\/greengiantcanada.ca\/#website\"},\"primaryImageOfPage\":{\"@id\":\"https:\/\/greengiantcanada.ca\/fr\/our-products\/legumes-mixtes-congeles\/#primaryimage\"},\"image\":{\"@id\":\"https:\/\/greengiantcanada.ca\/fr\/our-products\/legumes-mixtes-congeles\/#primaryimage\"},\"thumbnailUrl\":\"https:\/\/greengiantcanada.ca\/wp-content\/uploads\/frozen-mixed-vegetables.png\",\"datePublished\":\"2021-02-04T21:19:03+00:00\",\"dateModified\":\"2021-03-08T23:42:57+00:00\",\"breadcrumb\":{\"@id\":\"https:\/\/greengiantcanada.ca\/fr\/our-products\/legumes-mixtes-congeles\/#breadcrumb\"},\"inLanguage\":\"fr-FR\",\"potentialAction\":[{\"@type\":\"ReadAction\",\"target\":[\"https:\/\/greengiantcanada.ca\/fr\/our-products\/legumes-mixtes-congeles\/\"]}]},{\"@type\":\"ImageObject\",\"inLanguage\":\"fr-FR\",\"@id\":\"https:\/\/greengiantcanada.ca\/fr\/our-products\/legumes-mixtes-congeles\/#primaryimage\",\"url\":\"https:\/\/greengiantcanada.ca\/wp-content\/uploads\/frozen-mixed-vegetables.png\",\"contentUrl\":\"https:\/\/greengiantcanada.ca\/wp-content\/uploads\/frozen-mixed-vegetables.png\",\"width\":530,\"height\":530},{\"@type\":\"BreadcrumbList\",\"@id\":\"https:\/\/greengiantcanada.ca\/fr\/our-products\/legumes-mixtes-congeles\/#breadcrumb\",\"itemListElement\":[{\"@type\":\"ListItem\",\"position\":1,\"name\":\"Home\",\"item\":\"https:\/\/greengiantcanada.ca\/fr\/\"},{\"@type\":\"ListItem\",\"position\":2,\"name\":\"Our Products\",\"item\":\"https:\/\/greengiantcanada.ca\/our-products\/\"},{\"@type\":\"ListItem\",\"position\":3,\"name\":\"L\u00c9GUMES MIXTES CONGEL\u00c9S\"}]},{\"@type\":\"WebSite\",\"@id\":\"https:\/\/greengiantcanada.ca\/#website\",\"url\":\"https:\/\/greengiantcanada.ca\/\",\"name\":\"Green Giant* Canada\",\"description\":\"Welcome to the home of the Green Giant. Have a look at all of our vegetables and delicious recipes.\",\"publisher\":{\"@id\":\"https:\/\/greengiantcanada.ca\/#organization\"},\"potentialAction\":[{\"@type\":\"SearchAction\",\"target\":{\"@type\":\"EntryPoint\",\"urlTemplate\":\"https:\/\/greengiantcanada.ca\/?s={search_term_string}\"},\"query-input\":{\"@type\":\"PropertyValueSpecification\",\"valueRequired\":true,\"valueName\":\"search_term_string\"}}],\"inLanguage\":\"fr-FR\"},{\"@type\":\"Organization\",\"@id\":\"https:\/\/greengiantcanada.ca\/#organization\",\"name\":\"Green Giant* Canada\",\"url\":\"https:\/\/greengiantcanada.ca\/\",\"logo\":{\"@type\":\"ImageObject\",\"inLanguage\":\"fr-FR\",\"@id\":\"https:\/\/greengiantcanada.ca\/#\/schema\/logo\/image\/\",\"url\":\"https:\/\/greengiantcanada.ca\/wp-content\/uploads\/main-logo.png\",\"contentUrl\":\"https:\/\/greengiantcanada.ca\/wp-content\/uploads\/main-logo.png\",\"width\":181,\"height\":203,\"caption\":\"Green Giant* Canada\"},\"image\":{\"@id\":\"https:\/\/greengiantcanada.ca\/#\/schema\/logo\/image\/\"},\"sameAs\":[\"https:\/\/www.facebook.com\/greengiantcanada\/\",\"https:\/\/www.pinterest.ca\/greengiantcanada\/_created\/\",\"https:\/\/www.youtube.com\/channel\/UClXpcIXX3toIjW1HgKau_zA\"]}]}<\/script>\n<!-- \/ Yoast SEO Premium plugin. -->","yoast_head_json":{"title":"L\u00c9GUMES MIXTES CONGEL\u00c9S - Green Giant* Canada","robots":{"index":"index","follow":"follow","max-snippet":"max-snippet:-1","max-image-preview":"max-image-preview:large","max-video-preview":"max-video-preview:-1"},"canonical":"https:\/\/greengiantcanada.ca\/fr\/our-products\/legumes-mixtes-congeles\/","og_locale":"fr_FR","og_type":"article","og_title":"L\u00c9GUMES MIXTES CONGEL\u00c9S","og_description":"UN M\u00c9LANGE DE MA\u00cfS, DE CAROTTES EN D\u00c9S, DE POIS SUCR\u00c9S ET DE HARICOTS VERTS G\u00c9ANT VERT, TOUS CONGEL\u00c9S INSTANTAN\u00c9MENT POUR UN MAXIMUM DE SAVEUR ET DE","og_url":"https:\/\/greengiantcanada.ca\/fr\/our-products\/legumes-mixtes-congeles\/","og_site_name":"Green Giant* Canada","article_publisher":"https:\/\/www.facebook.com\/greengiantcanada\/","article_modified_time":"2021-03-08T23:42:57+00:00","og_image":[{"width":530,"height":530,"url":"https:\/\/greengiantcanada.ca\/wp-content\/uploads\/frozen-mixed-vegetables.png","type":"image\/png"}],"twitter_card":"summary_large_image","schema":{"@context":"https:\/\/schema.org","@graph":[{"@type":"WebPage","@id":"https:\/\/greengiantcanada.ca\/fr\/our-products\/legumes-mixtes-congeles\/","url":"https:\/\/greengiantcanada.ca\/fr\/our-products\/legumes-mixtes-congeles\/","name":"L\u00c9GUMES MIXTES CONGEL\u00c9S - Green Giant* Canada","isPartOf":{"@id":"https:\/\/greengiantcanada.ca\/#website"},"primaryImageOfPage":{"@id":"https:\/\/greengiantcanada.ca\/fr\/our-products\/legumes-mixtes-congeles\/#primaryimage"},"image":{"@id":"https:\/\/greengiantcanada.ca\/fr\/our-products\/legumes-mixtes-congeles\/#primaryimage"},"thumbnailUrl":"https:\/\/greengiantcanada.ca\/wp-content\/uploads\/frozen-mixed-vegetables.png","datePublished":"2021-02-04T21:19:03+00:00","dateModified":"2021-03-08T23:42:57+00:00","breadcrumb":{"@id":"https:\/\/greengiantcanada.ca\/fr\/our-products\/legumes-mixtes-congeles\/#breadcrumb"},"inLanguage":"fr-FR","potentialAction":[{"@type":"ReadAction","target":["https:\/\/greengiantcanada.ca\/fr\/our-products\/legumes-mixtes-congeles\/"]}]},{"@type":"ImageObject","inLanguage":"fr-FR","@id":"https:\/\/greengiantcanada.ca\/fr\/our-products\/legumes-mixtes-congeles\/#primaryimage","url":"https:\/\/greengiantcanada.ca\/wp-content\/uploads\/frozen-mixed-vegetables.png","contentUrl":"https:\/\/greengiantcanada.ca\/wp-content\/uploads\/frozen-mixed-vegetables.png","width":530,"height":530},{"@type":"BreadcrumbList","@id":"https:\/\/greengiantcanada.ca\/fr\/our-products\/legumes-mixtes-congeles\/#breadcrumb","itemListElement":[{"@type":"ListItem","position":1,"name":"Home","item":"https:\/\/greengiantcanada.ca\/fr\/"},{"@type":"ListItem","position":2,"name":"Our Products","item":"https:\/\/greengiantcanada.ca\/our-products\/"},{"@type":"ListItem","position":3,"name":"L\u00c9GUMES MIXTES CONGEL\u00c9S"}]},{"@type":"WebSite","@id":"https:\/\/greengiantcanada.ca\/#website","url":"https:\/\/greengiantcanada.ca\/","name":"Green Giant* Canada","description":"Welcome to the home of the Green Giant. Have a look at all of our vegetables and delicious recipes.","publisher":{"@id":"https:\/\/greengiantcanada.ca\/#organization"},"potentialAction":[{"@type":"SearchAction","target":{"@type":"EntryPoint","urlTemplate":"https:\/\/greengiantcanada.ca\/?s={search_term_string}"},"query-input":{"@type":"PropertyValueSpecification","valueRequired":true,"valueName":"search_term_string"}}],"inLanguage":"fr-FR"},{"@type":"Organization","@id":"https:\/\/greengiantcanada.ca\/#organization","name":"Green Giant* Canada","url":"https:\/\/greengiantcanada.ca\/","logo":{"@type":"ImageObject","inLanguage":"fr-FR","@id":"https:\/\/greengiantcanada.ca\/#\/schema\/logo\/image\/","url":"https:\/\/greengiantcanada.ca\/wp-content\/uploads\/main-logo.png","contentUrl":"https:\/\/greengiantcanada.ca\/wp-content\/uploads\/main-logo.png","width":181,"height":203,"caption":"Green Giant* Canada"},"image":{"@id":"https:\/\/greengiantcanada.ca\/#\/schema\/logo\/image\/"},"sameAs":["https:\/\/www.facebook.com\/greengiantcanada\/","https:\/\/www.pinterest.ca\/greengiantcanada\/_created\/","https:\/\/www.youtube.com\/channel\/UClXpcIXX3toIjW1HgKau_zA"]}]}},"_links":{"self":[{"href":"https:\/\/greengiantcanada.ca\/fr\/wp-json\/wp\/v2\/product\/10833","targetHints":{"allow":["GET"]}}],"collection":[{"href":"https:\/\/greengiantcanada.ca\/fr\/wp-json\/wp\/v2\/product"}],"about":[{"href":"https:\/\/greengiantcanada.ca\/fr\/wp-json\/wp\/v2\/types\/product"}],"wp:featuredmedia":[{"embeddable":true,"href":"https:\/\/greengiantcanada.ca\/fr\/wp-json\/wp\/v2\/media\/10227"}],"wp:attachment":[{"href":"https:\/\/greengiantcanada.ca\/fr\/wp-json\/wp\/v2\/media?parent=10833"}],"wp:term":[{"taxonomy":"product_brand","embeddable":true,"href":"https:\/\/greengiantcanada.ca\/fr\/wp-json\/wp\/v2\/product_brand?post=10833"},{"taxonomy":"product_cat","embeddable":true,"href":"https:\/\/greengiantcanada.ca\/fr\/wp-json\/wp\/v2\/product_cat?post=10833"},{"taxonomy":"product_tag","embeddable":true,"href":"https:\/\/greengiantcanada.ca\/fr\/wp-json\/wp\/v2\/product_tag?post=10833"}],"curies":[{"name":"wp","href":"https:\/\/api.w.org\/{rel}","templated":true}]}}