{"id":10856,"date":"2021-01-25T07:28:56","date_gmt":"2021-01-25T07:28:56","guid":{"rendered":"http:\/\/ggiantcaprod.wpengine.com\/?post_type=product&#038;p=10856"},"modified":"2021-03-09T00:25:29","modified_gmt":"2021-03-09T00:25:29","slug":"legumes-en-riz-chou-fleur-green-giant","status":"publish","type":"product","link":"https:\/\/greengiantcanada.ca\/fr\/our-products\/legumes-en-riz-chou-fleur-green-giant\/","title":{"rendered":"L\u00c9GUMES EN RIZ CHOU-FLEUR GREEN GIANT*"},"content":{"rendered":"<p>NOS D\u00c9LICIEUX L\u00c9GUMES EN RIZ CHOU-FLEUR SONT FAITS DE L\u00c9GUMES \u00c0 100 %. VOUS POUVEZ LES SAVOURER SEULS OU DANS L\u2019UNE DE VOS RECETTES PR\u00c9F\u00c9R\u00c9ES! NOS L\u00c9GUMES EN RIZ SONT SANS GLUTEN, SANS SAUCE OU ASSAISONNEMENT. VOUS POUVEZ DONC LES PR\u00c9PARER EXACTEMENT COMME VOUS LES AIMEZ.<\/p>\n<p>DISPONIBLE DANS L\u2019ALL\u00c9E DES SURGEL\u00c9S.<\/p>\n","protected":false},"excerpt":{"rendered":"<p>NOS D\u00c9LICIEUX L\u00c9GUMES EN RIZ CHOU-FLEUR SONT FAITS DE L\u00c9GUMES \u00c0 100 %. VOUS POUVEZ LES SAVOURER SEULS OU DANS L\u2019UNE DE VOS RECETTES PR\u00c9F\u00c9R\u00c9ES! NOS L\u00c9GUMES EN RIZ SONT SANS GLUTEN, SANS SAUCE OU ASSAISONNEMENT. VOUS POUVEZ DONC LES PR\u00c9PARER EXACTEMENT COMME VOUS LES AIMEZ. DISPONIBLE DANS L\u2019ALL\u00c9E DES SURGEL\u00c9S.<\/p>\n","protected":false},"featured_media":10193,"template":"","meta":{"_acf_changed":false},"product_brand":[],"product_cat":[576,688],"product_tag":[],"class_list":{"0":"post-10856","1":"product","2":"type-product","3":"status-publish","4":"has-post-thumbnail","6":"vegetables_contained-cauliflower-fr","7":"product_cat-frozen-vegetables","8":"product_cat-legumes-surgeles","10":"first","11":"instock","12":"shipping-taxable","13":"purchasable","14":"product-type-simple"},"acf":[],"yoast_head":"<!-- This site is optimized with the Yoast SEO Premium plugin v26.0 (Yoast SEO v27.0) - https:\/\/yoast.com\/product\/yoast-seo-premium-wordpress\/ -->\n<title>L\u00c9GUMES EN RIZ CHOU-FLEUR GREEN GIANT* - Green Giant* Canada<\/title>\n<meta name=\"robots\" content=\"index, follow, max-snippet:-1, max-image-preview:large, max-video-preview:-1\" \/>\n<link rel=\"canonical\" href=\"https:\/\/greengiantcanada.ca\/fr\/our-products\/legumes-en-riz-chou-fleur-green-giant\/\" \/>\n<meta property=\"og:locale\" content=\"fr_FR\" \/>\n<meta property=\"og:type\" content=\"article\" \/>\n<meta property=\"og:title\" content=\"L\u00c9GUMES EN RIZ CHOU-FLEUR GREEN GIANT*\" \/>\n<meta property=\"og:description\" content=\"NOS D\u00c9LICIEUX L\u00c9GUMES EN RIZ CHOU-FLEUR SONT FAITS DE L\u00c9GUMES \u00c0 100 %. VOUS POUVEZ LES SAVOURER SEULS OU DANS L\u2019UNE DE VOS RECETTES PR\u00c9F\u00c9R\u00c9ES! NOS L\u00c9GUMES\" \/>\n<meta property=\"og:url\" content=\"https:\/\/greengiantcanada.ca\/fr\/our-products\/legumes-en-riz-chou-fleur-green-giant\/\" \/>\n<meta property=\"og:site_name\" content=\"Green Giant* Canada\" \/>\n<meta property=\"article:publisher\" content=\"https:\/\/www.facebook.com\/greengiantcanada\/\" \/>\n<meta property=\"article:modified_time\" content=\"2021-03-09T00:25:29+00:00\" \/>\n<meta property=\"og:image\" content=\"https:\/\/greengiantcanada.ca\/wp-content\/uploads\/gg-ricedveggies-cauliflower-enfr-768px_1.png\" \/>\n\t<meta property=\"og:image:width\" content=\"530\" \/>\n\t<meta property=\"og:image:height\" content=\"530\" \/>\n\t<meta property=\"og:image:type\" content=\"image\/png\" \/>\n<meta name=\"twitter:card\" content=\"summary_large_image\" \/>\n<script type=\"application\/ld+json\" class=\"yoast-schema-graph\">{\"@context\":\"https:\/\/schema.org\",\"@graph\":[{\"@type\":\"WebPage\",\"@id\":\"https:\/\/greengiantcanada.ca\/fr\/our-products\/legumes-en-riz-chou-fleur-green-giant\/\",\"url\":\"https:\/\/greengiantcanada.ca\/fr\/our-products\/legumes-en-riz-chou-fleur-green-giant\/\",\"name\":\"L\u00c9GUMES EN RIZ CHOU-FLEUR GREEN GIANT* - Green Giant* Canada\",\"isPartOf\":{\"@id\":\"https:\/\/greengiantcanada.ca\/#website\"},\"primaryImageOfPage\":{\"@id\":\"https:\/\/greengiantcanada.ca\/fr\/our-products\/legumes-en-riz-chou-fleur-green-giant\/#primaryimage\"},\"image\":{\"@id\":\"https:\/\/greengiantcanada.ca\/fr\/our-products\/legumes-en-riz-chou-fleur-green-giant\/#primaryimage\"},\"thumbnailUrl\":\"https:\/\/greengiantcanada.ca\/wp-content\/uploads\/gg-ricedveggies-cauliflower-enfr-768px_1.png\",\"datePublished\":\"2021-01-25T07:28:56+00:00\",\"dateModified\":\"2021-03-09T00:25:29+00:00\",\"breadcrumb\":{\"@id\":\"https:\/\/greengiantcanada.ca\/fr\/our-products\/legumes-en-riz-chou-fleur-green-giant\/#breadcrumb\"},\"inLanguage\":\"fr-FR\",\"potentialAction\":[{\"@type\":\"ReadAction\",\"target\":[\"https:\/\/greengiantcanada.ca\/fr\/our-products\/legumes-en-riz-chou-fleur-green-giant\/\"]}]},{\"@type\":\"ImageObject\",\"inLanguage\":\"fr-FR\",\"@id\":\"https:\/\/greengiantcanada.ca\/fr\/our-products\/legumes-en-riz-chou-fleur-green-giant\/#primaryimage\",\"url\":\"https:\/\/greengiantcanada.ca\/wp-content\/uploads\/gg-ricedveggies-cauliflower-enfr-768px_1.png\",\"contentUrl\":\"https:\/\/greengiantcanada.ca\/wp-content\/uploads\/gg-ricedveggies-cauliflower-enfr-768px_1.png\",\"width\":530,\"height\":530},{\"@type\":\"BreadcrumbList\",\"@id\":\"https:\/\/greengiantcanada.ca\/fr\/our-products\/legumes-en-riz-chou-fleur-green-giant\/#breadcrumb\",\"itemListElement\":[{\"@type\":\"ListItem\",\"position\":1,\"name\":\"Home\",\"item\":\"https:\/\/greengiantcanada.ca\/fr\/\"},{\"@type\":\"ListItem\",\"position\":2,\"name\":\"Our Products\",\"item\":\"https:\/\/greengiantcanada.ca\/our-products\/\"},{\"@type\":\"ListItem\",\"position\":3,\"name\":\"L\u00c9GUMES EN RIZ CHOU-FLEUR GREEN GIANT*\"}]},{\"@type\":\"WebSite\",\"@id\":\"https:\/\/greengiantcanada.ca\/#website\",\"url\":\"https:\/\/greengiantcanada.ca\/\",\"name\":\"Green Giant* Canada\",\"description\":\"Welcome to the home of the Green Giant. Have a look at all of our vegetables and delicious recipes.\",\"publisher\":{\"@id\":\"https:\/\/greengiantcanada.ca\/#organization\"},\"potentialAction\":[{\"@type\":\"SearchAction\",\"target\":{\"@type\":\"EntryPoint\",\"urlTemplate\":\"https:\/\/greengiantcanada.ca\/?s={search_term_string}\"},\"query-input\":{\"@type\":\"PropertyValueSpecification\",\"valueRequired\":true,\"valueName\":\"search_term_string\"}}],\"inLanguage\":\"fr-FR\"},{\"@type\":\"Organization\",\"@id\":\"https:\/\/greengiantcanada.ca\/#organization\",\"name\":\"Green Giant* Canada\",\"url\":\"https:\/\/greengiantcanada.ca\/\",\"logo\":{\"@type\":\"ImageObject\",\"inLanguage\":\"fr-FR\",\"@id\":\"https:\/\/greengiantcanada.ca\/#\/schema\/logo\/image\/\",\"url\":\"https:\/\/greengiantcanada.ca\/wp-content\/uploads\/main-logo.png\",\"contentUrl\":\"https:\/\/greengiantcanada.ca\/wp-content\/uploads\/main-logo.png\",\"width\":181,\"height\":203,\"caption\":\"Green Giant* Canada\"},\"image\":{\"@id\":\"https:\/\/greengiantcanada.ca\/#\/schema\/logo\/image\/\"},\"sameAs\":[\"https:\/\/www.facebook.com\/greengiantcanada\/\",\"https:\/\/www.pinterest.ca\/greengiantcanada\/_created\/\",\"https:\/\/www.youtube.com\/channel\/UClXpcIXX3toIjW1HgKau_zA\"]}]}<\/script>\n<!-- \/ Yoast SEO Premium plugin. -->","yoast_head_json":{"title":"L\u00c9GUMES EN RIZ CHOU-FLEUR GREEN GIANT* - Green Giant* Canada","robots":{"index":"index","follow":"follow","max-snippet":"max-snippet:-1","max-image-preview":"max-image-preview:large","max-video-preview":"max-video-preview:-1"},"canonical":"https:\/\/greengiantcanada.ca\/fr\/our-products\/legumes-en-riz-chou-fleur-green-giant\/","og_locale":"fr_FR","og_type":"article","og_title":"L\u00c9GUMES EN RIZ CHOU-FLEUR GREEN GIANT*","og_description":"NOS D\u00c9LICIEUX L\u00c9GUMES EN RIZ CHOU-FLEUR SONT FAITS DE L\u00c9GUMES \u00c0 100 %. VOUS POUVEZ LES SAVOURER SEULS OU DANS L\u2019UNE DE VOS RECETTES PR\u00c9F\u00c9R\u00c9ES! NOS L\u00c9GUMES","og_url":"https:\/\/greengiantcanada.ca\/fr\/our-products\/legumes-en-riz-chou-fleur-green-giant\/","og_site_name":"Green Giant* Canada","article_publisher":"https:\/\/www.facebook.com\/greengiantcanada\/","article_modified_time":"2021-03-09T00:25:29+00:00","og_image":[{"width":530,"height":530,"url":"https:\/\/greengiantcanada.ca\/wp-content\/uploads\/gg-ricedveggies-cauliflower-enfr-768px_1.png","type":"image\/png"}],"twitter_card":"summary_large_image","schema":{"@context":"https:\/\/schema.org","@graph":[{"@type":"WebPage","@id":"https:\/\/greengiantcanada.ca\/fr\/our-products\/legumes-en-riz-chou-fleur-green-giant\/","url":"https:\/\/greengiantcanada.ca\/fr\/our-products\/legumes-en-riz-chou-fleur-green-giant\/","name":"L\u00c9GUMES EN RIZ CHOU-FLEUR GREEN GIANT* - Green Giant* Canada","isPartOf":{"@id":"https:\/\/greengiantcanada.ca\/#website"},"primaryImageOfPage":{"@id":"https:\/\/greengiantcanada.ca\/fr\/our-products\/legumes-en-riz-chou-fleur-green-giant\/#primaryimage"},"image":{"@id":"https:\/\/greengiantcanada.ca\/fr\/our-products\/legumes-en-riz-chou-fleur-green-giant\/#primaryimage"},"thumbnailUrl":"https:\/\/greengiantcanada.ca\/wp-content\/uploads\/gg-ricedveggies-cauliflower-enfr-768px_1.png","datePublished":"2021-01-25T07:28:56+00:00","dateModified":"2021-03-09T00:25:29+00:00","breadcrumb":{"@id":"https:\/\/greengiantcanada.ca\/fr\/our-products\/legumes-en-riz-chou-fleur-green-giant\/#breadcrumb"},"inLanguage":"fr-FR","potentialAction":[{"@type":"ReadAction","target":["https:\/\/greengiantcanada.ca\/fr\/our-products\/legumes-en-riz-chou-fleur-green-giant\/"]}]},{"@type":"ImageObject","inLanguage":"fr-FR","@id":"https:\/\/greengiantcanada.ca\/fr\/our-products\/legumes-en-riz-chou-fleur-green-giant\/#primaryimage","url":"https:\/\/greengiantcanada.ca\/wp-content\/uploads\/gg-ricedveggies-cauliflower-enfr-768px_1.png","contentUrl":"https:\/\/greengiantcanada.ca\/wp-content\/uploads\/gg-ricedveggies-cauliflower-enfr-768px_1.png","width":530,"height":530},{"@type":"BreadcrumbList","@id":"https:\/\/greengiantcanada.ca\/fr\/our-products\/legumes-en-riz-chou-fleur-green-giant\/#breadcrumb","itemListElement":[{"@type":"ListItem","position":1,"name":"Home","item":"https:\/\/greengiantcanada.ca\/fr\/"},{"@type":"ListItem","position":2,"name":"Our Products","item":"https:\/\/greengiantcanada.ca\/our-products\/"},{"@type":"ListItem","position":3,"name":"L\u00c9GUMES EN RIZ CHOU-FLEUR GREEN GIANT*"}]},{"@type":"WebSite","@id":"https:\/\/greengiantcanada.ca\/#website","url":"https:\/\/greengiantcanada.ca\/","name":"Green Giant* Canada","description":"Welcome to the home of the Green Giant. Have a look at all of our vegetables and delicious recipes.","publisher":{"@id":"https:\/\/greengiantcanada.ca\/#organization"},"potentialAction":[{"@type":"SearchAction","target":{"@type":"EntryPoint","urlTemplate":"https:\/\/greengiantcanada.ca\/?s={search_term_string}"},"query-input":{"@type":"PropertyValueSpecification","valueRequired":true,"valueName":"search_term_string"}}],"inLanguage":"fr-FR"},{"@type":"Organization","@id":"https:\/\/greengiantcanada.ca\/#organization","name":"Green Giant* Canada","url":"https:\/\/greengiantcanada.ca\/","logo":{"@type":"ImageObject","inLanguage":"fr-FR","@id":"https:\/\/greengiantcanada.ca\/#\/schema\/logo\/image\/","url":"https:\/\/greengiantcanada.ca\/wp-content\/uploads\/main-logo.png","contentUrl":"https:\/\/greengiantcanada.ca\/wp-content\/uploads\/main-logo.png","width":181,"height":203,"caption":"Green Giant* Canada"},"image":{"@id":"https:\/\/greengiantcanada.ca\/#\/schema\/logo\/image\/"},"sameAs":["https:\/\/www.facebook.com\/greengiantcanada\/","https:\/\/www.pinterest.ca\/greengiantcanada\/_created\/","https:\/\/www.youtube.com\/channel\/UClXpcIXX3toIjW1HgKau_zA"]}]}},"_links":{"self":[{"href":"https:\/\/greengiantcanada.ca\/fr\/wp-json\/wp\/v2\/product\/10856","targetHints":{"allow":["GET"]}}],"collection":[{"href":"https:\/\/greengiantcanada.ca\/fr\/wp-json\/wp\/v2\/product"}],"about":[{"href":"https:\/\/greengiantcanada.ca\/fr\/wp-json\/wp\/v2\/types\/product"}],"wp:featuredmedia":[{"embeddable":true,"href":"https:\/\/greengiantcanada.ca\/fr\/wp-json\/wp\/v2\/media\/10193"}],"wp:attachment":[{"href":"https:\/\/greengiantcanada.ca\/fr\/wp-json\/wp\/v2\/media?parent=10856"}],"wp:term":[{"taxonomy":"product_brand","embeddable":true,"href":"https:\/\/greengiantcanada.ca\/fr\/wp-json\/wp\/v2\/product_brand?post=10856"},{"taxonomy":"product_cat","embeddable":true,"href":"https:\/\/greengiantcanada.ca\/fr\/wp-json\/wp\/v2\/product_cat?post=10856"},{"taxonomy":"product_tag","embeddable":true,"href":"https:\/\/greengiantcanada.ca\/fr\/wp-json\/wp\/v2\/product_tag?post=10856"}],"curies":[{"name":"wp","href":"https:\/\/api.w.org\/{rel}","templated":true}]}}