{"id":10929,"date":"2021-02-21T21:39:24","date_gmt":"2021-02-03T21:39:24","guid":{"rendered":"http:\/\/ggiantcaprod.wpengine.com\/our-products\/green-giant-veggie-fries-cauliflower-ranch-with-bacon\/"},"modified":"2022-03-25T22:50:41","modified_gmt":"2022-03-25T22:50:41","slug":"frites-de-legumes-chou-fleur-ranch-avec-bacon-green-giant","status":"publish","type":"product","link":"https:\/\/greengiantcanada.ca\/fr\/our-products\/frites-de-legumes-chou-fleur-ranch-avec-bacon-green-giant\/","title":{"rendered":"FRITES DE L\u00c9GUMES <nobr>CHOU-FLEUR<\/nobr> RANCH AVEC BACON GREEN GIANT*"},"content":{"rendered":"<p>UNE FOIS DE PLUS, GREEN GIANT PROPOSE UNE FA\u00c7ON D\u00c9LICIEUSE D\u2019INT\u00c9GRER DES L\u00c9GUMES \u00c0 VOTRE MODE DE VIE. FRITES DE L\u00c9GUMES DE GREEN GIANT, FAITES AVEC DU V\u00c9RITABLE <nobr>CHOU-FLEUR!<\/nobr> D\u00c9GUSTEZ-LES COMME COLLATION SAVOUREUSE, ENTR\u00c9E CROUSTILLANTE ET CROQUANTE OU PLAT D\u2019ACCOMPAGNEMENT.<\/p>\n","protected":false},"excerpt":{"rendered":"<p>UNE FOIS DE PLUS, GREEN GIANT PROPOSE UNE FA\u00c7ON D\u00c9LICIEUSE D\u2019INT\u00c9GRER DES L\u00c9GUMES \u00c0 VOTRE MODE DE VIE. FRITES DE L\u00c9GUMES DE GREEN GIANT, FAITES AVEC DU V\u00c9RITABLE CHOU-FLEUR! D\u00c9GUSTEZ-LES COMME COLLATION SAVOUREUSE, ENTR\u00c9E CROUSTILLANTE ET CROQUANTE OU PLAT D\u2019ACCOMPAGNEMENT.<\/p>\n","protected":false},"featured_media":11460,"template":"","meta":{"_acf_changed":false},"product_brand":[],"product_cat":[691],"product_tag":[],"class_list":{"0":"post-10929","1":"product","2":"type-product","3":"status-publish","4":"has-post-thumbnail","6":"vegetables_contained-cauliflower-fr","7":"vegetables_contained-yellow-onion-fr","8":"vegetables_contained-potatoes-fr","9":"product_cat-nouveaux-produits","11":"first","12":"instock","13":"shipping-taxable","14":"purchasable","15":"product-type-simple"},"acf":[],"yoast_head":"<!-- This site is optimized with the Yoast SEO Premium plugin v26.0 (Yoast SEO v27.0) - https:\/\/yoast.com\/product\/yoast-seo-premium-wordpress\/ -->\n<title>FRITES DE L\u00c9GUMES CHOU-FLEUR RANCH AVEC BACON GREEN GIANT* - Green Giant* Canada<\/title>\n<meta name=\"robots\" content=\"index, follow, max-snippet:-1, max-image-preview:large, max-video-preview:-1\" \/>\n<link rel=\"canonical\" href=\"https:\/\/greengiantcanada.ca\/fr\/our-products\/frites-de-legumes-chou-fleur-ranch-avec-bacon-green-giant\/\" \/>\n<meta property=\"og:locale\" content=\"fr_FR\" \/>\n<meta property=\"og:type\" content=\"article\" \/>\n<meta property=\"og:title\" content=\"FRITES DE L\u00c9GUMES CHOU-FLEUR RANCH AVEC BACON GREEN GIANT*\" \/>\n<meta property=\"og:description\" content=\"UNE FOIS DE PLUS, GREEN GIANT PROPOSE UNE FA\u00c7ON D\u00c9LICIEUSE D\u2019INT\u00c9GRER DES L\u00c9GUMES \u00c0 VOTRE MODE DE VIE. FRITES DE L\u00c9GUMES DE GREEN GIANT, FAITES AVEC DU\" \/>\n<meta property=\"og:url\" content=\"https:\/\/greengiantcanada.ca\/fr\/our-products\/frites-de-legumes-chou-fleur-ranch-avec-bacon-green-giant\/\" \/>\n<meta property=\"og:site_name\" content=\"Green Giant* Canada\" \/>\n<meta property=\"article:publisher\" content=\"https:\/\/www.facebook.com\/greengiantcanada\/\" \/>\n<meta property=\"article:modified_time\" content=\"2022-03-25T22:50:41+00:00\" \/>\n<meta property=\"og:image\" content=\"https:\/\/greengiantcanada.ca\/wp-content\/uploads\/veggie-fries-cauliflower-ranch_bacon.png\" \/>\n\t<meta property=\"og:image:width\" content=\"450\" \/>\n\t<meta property=\"og:image:height\" content=\"450\" \/>\n\t<meta property=\"og:image:type\" content=\"image\/png\" \/>\n<meta name=\"twitter:card\" content=\"summary_large_image\" \/>\n<meta name=\"twitter:label1\" content=\"Dur\u00e9e de lecture estim\u00e9e\" \/>\n\t<meta name=\"twitter:data1\" content=\"1 minute\" \/>\n<script type=\"application\/ld+json\" class=\"yoast-schema-graph\">{\"@context\":\"https:\/\/schema.org\",\"@graph\":[{\"@type\":\"WebPage\",\"@id\":\"https:\/\/greengiantcanada.ca\/fr\/our-products\/frites-de-legumes-chou-fleur-ranch-avec-bacon-green-giant\/\",\"url\":\"https:\/\/greengiantcanada.ca\/fr\/our-products\/frites-de-legumes-chou-fleur-ranch-avec-bacon-green-giant\/\",\"name\":\"FRITES DE L\u00c9GUMES CHOU-FLEUR RANCH AVEC BACON GREEN GIANT* - Green Giant* Canada\",\"isPartOf\":{\"@id\":\"https:\/\/greengiantcanada.ca\/#website\"},\"primaryImageOfPage\":{\"@id\":\"https:\/\/greengiantcanada.ca\/fr\/our-products\/frites-de-legumes-chou-fleur-ranch-avec-bacon-green-giant\/#primaryimage\"},\"image\":{\"@id\":\"https:\/\/greengiantcanada.ca\/fr\/our-products\/frites-de-legumes-chou-fleur-ranch-avec-bacon-green-giant\/#primaryimage\"},\"thumbnailUrl\":\"https:\/\/greengiantcanada.ca\/wp-content\/uploads\/veggie-fries-cauliflower-ranch_bacon.png\",\"datePublished\":\"2021-02-03T21:39:24+00:00\",\"dateModified\":\"2022-03-25T22:50:41+00:00\",\"breadcrumb\":{\"@id\":\"https:\/\/greengiantcanada.ca\/fr\/our-products\/frites-de-legumes-chou-fleur-ranch-avec-bacon-green-giant\/#breadcrumb\"},\"inLanguage\":\"fr-FR\",\"potentialAction\":[{\"@type\":\"ReadAction\",\"target\":[\"https:\/\/greengiantcanada.ca\/fr\/our-products\/frites-de-legumes-chou-fleur-ranch-avec-bacon-green-giant\/\"]}]},{\"@type\":\"ImageObject\",\"inLanguage\":\"fr-FR\",\"@id\":\"https:\/\/greengiantcanada.ca\/fr\/our-products\/frites-de-legumes-chou-fleur-ranch-avec-bacon-green-giant\/#primaryimage\",\"url\":\"https:\/\/greengiantcanada.ca\/wp-content\/uploads\/veggie-fries-cauliflower-ranch_bacon.png\",\"contentUrl\":\"https:\/\/greengiantcanada.ca\/wp-content\/uploads\/veggie-fries-cauliflower-ranch_bacon.png\",\"width\":450,\"height\":450},{\"@type\":\"BreadcrumbList\",\"@id\":\"https:\/\/greengiantcanada.ca\/fr\/our-products\/frites-de-legumes-chou-fleur-ranch-avec-bacon-green-giant\/#breadcrumb\",\"itemListElement\":[{\"@type\":\"ListItem\",\"position\":1,\"name\":\"Home\",\"item\":\"https:\/\/greengiantcanada.ca\/fr\/\"},{\"@type\":\"ListItem\",\"position\":2,\"name\":\"Our Products\",\"item\":\"https:\/\/greengiantcanada.ca\/our-products\/\"},{\"@type\":\"ListItem\",\"position\":3,\"name\":\"FRITES DE L\u00c9GUMES CHOU-FLEUR RANCH AVEC BACON GREEN GIANT*\"}]},{\"@type\":\"WebSite\",\"@id\":\"https:\/\/greengiantcanada.ca\/#website\",\"url\":\"https:\/\/greengiantcanada.ca\/\",\"name\":\"Green Giant* Canada\",\"description\":\"Welcome to the home of the Green Giant. Have a look at all of our vegetables and delicious recipes.\",\"publisher\":{\"@id\":\"https:\/\/greengiantcanada.ca\/#organization\"},\"potentialAction\":[{\"@type\":\"SearchAction\",\"target\":{\"@type\":\"EntryPoint\",\"urlTemplate\":\"https:\/\/greengiantcanada.ca\/?s={search_term_string}\"},\"query-input\":{\"@type\":\"PropertyValueSpecification\",\"valueRequired\":true,\"valueName\":\"search_term_string\"}}],\"inLanguage\":\"fr-FR\"},{\"@type\":\"Organization\",\"@id\":\"https:\/\/greengiantcanada.ca\/#organization\",\"name\":\"Green Giant* Canada\",\"url\":\"https:\/\/greengiantcanada.ca\/\",\"logo\":{\"@type\":\"ImageObject\",\"inLanguage\":\"fr-FR\",\"@id\":\"https:\/\/greengiantcanada.ca\/#\/schema\/logo\/image\/\",\"url\":\"https:\/\/greengiantcanada.ca\/wp-content\/uploads\/main-logo.png\",\"contentUrl\":\"https:\/\/greengiantcanada.ca\/wp-content\/uploads\/main-logo.png\",\"width\":181,\"height\":203,\"caption\":\"Green Giant* Canada\"},\"image\":{\"@id\":\"https:\/\/greengiantcanada.ca\/#\/schema\/logo\/image\/\"},\"sameAs\":[\"https:\/\/www.facebook.com\/greengiantcanada\/\",\"https:\/\/www.pinterest.ca\/greengiantcanada\/_created\/\",\"https:\/\/www.youtube.com\/channel\/UClXpcIXX3toIjW1HgKau_zA\"]}]}<\/script>\n<!-- \/ Yoast SEO Premium plugin. -->","yoast_head_json":{"title":"FRITES DE L\u00c9GUMES CHOU-FLEUR RANCH AVEC BACON GREEN GIANT* - Green Giant* Canada","robots":{"index":"index","follow":"follow","max-snippet":"max-snippet:-1","max-image-preview":"max-image-preview:large","max-video-preview":"max-video-preview:-1"},"canonical":"https:\/\/greengiantcanada.ca\/fr\/our-products\/frites-de-legumes-chou-fleur-ranch-avec-bacon-green-giant\/","og_locale":"fr_FR","og_type":"article","og_title":"FRITES DE L\u00c9GUMES CHOU-FLEUR RANCH AVEC BACON GREEN GIANT*","og_description":"UNE FOIS DE PLUS, GREEN GIANT PROPOSE UNE FA\u00c7ON D\u00c9LICIEUSE D\u2019INT\u00c9GRER DES L\u00c9GUMES \u00c0 VOTRE MODE DE VIE. FRITES DE L\u00c9GUMES DE GREEN GIANT, FAITES AVEC DU","og_url":"https:\/\/greengiantcanada.ca\/fr\/our-products\/frites-de-legumes-chou-fleur-ranch-avec-bacon-green-giant\/","og_site_name":"Green Giant* Canada","article_publisher":"https:\/\/www.facebook.com\/greengiantcanada\/","article_modified_time":"2022-03-25T22:50:41+00:00","og_image":[{"width":450,"height":450,"url":"https:\/\/greengiantcanada.ca\/wp-content\/uploads\/veggie-fries-cauliflower-ranch_bacon.png","type":"image\/png"}],"twitter_card":"summary_large_image","twitter_misc":{"Dur\u00e9e de lecture estim\u00e9e":"1 minute"},"schema":{"@context":"https:\/\/schema.org","@graph":[{"@type":"WebPage","@id":"https:\/\/greengiantcanada.ca\/fr\/our-products\/frites-de-legumes-chou-fleur-ranch-avec-bacon-green-giant\/","url":"https:\/\/greengiantcanada.ca\/fr\/our-products\/frites-de-legumes-chou-fleur-ranch-avec-bacon-green-giant\/","name":"FRITES DE L\u00c9GUMES CHOU-FLEUR RANCH AVEC BACON GREEN GIANT* - Green Giant* Canada","isPartOf":{"@id":"https:\/\/greengiantcanada.ca\/#website"},"primaryImageOfPage":{"@id":"https:\/\/greengiantcanada.ca\/fr\/our-products\/frites-de-legumes-chou-fleur-ranch-avec-bacon-green-giant\/#primaryimage"},"image":{"@id":"https:\/\/greengiantcanada.ca\/fr\/our-products\/frites-de-legumes-chou-fleur-ranch-avec-bacon-green-giant\/#primaryimage"},"thumbnailUrl":"https:\/\/greengiantcanada.ca\/wp-content\/uploads\/veggie-fries-cauliflower-ranch_bacon.png","datePublished":"2021-02-03T21:39:24+00:00","dateModified":"2022-03-25T22:50:41+00:00","breadcrumb":{"@id":"https:\/\/greengiantcanada.ca\/fr\/our-products\/frites-de-legumes-chou-fleur-ranch-avec-bacon-green-giant\/#breadcrumb"},"inLanguage":"fr-FR","potentialAction":[{"@type":"ReadAction","target":["https:\/\/greengiantcanada.ca\/fr\/our-products\/frites-de-legumes-chou-fleur-ranch-avec-bacon-green-giant\/"]}]},{"@type":"ImageObject","inLanguage":"fr-FR","@id":"https:\/\/greengiantcanada.ca\/fr\/our-products\/frites-de-legumes-chou-fleur-ranch-avec-bacon-green-giant\/#primaryimage","url":"https:\/\/greengiantcanada.ca\/wp-content\/uploads\/veggie-fries-cauliflower-ranch_bacon.png","contentUrl":"https:\/\/greengiantcanada.ca\/wp-content\/uploads\/veggie-fries-cauliflower-ranch_bacon.png","width":450,"height":450},{"@type":"BreadcrumbList","@id":"https:\/\/greengiantcanada.ca\/fr\/our-products\/frites-de-legumes-chou-fleur-ranch-avec-bacon-green-giant\/#breadcrumb","itemListElement":[{"@type":"ListItem","position":1,"name":"Home","item":"https:\/\/greengiantcanada.ca\/fr\/"},{"@type":"ListItem","position":2,"name":"Our Products","item":"https:\/\/greengiantcanada.ca\/our-products\/"},{"@type":"ListItem","position":3,"name":"FRITES DE L\u00c9GUMES CHOU-FLEUR RANCH AVEC BACON GREEN GIANT*"}]},{"@type":"WebSite","@id":"https:\/\/greengiantcanada.ca\/#website","url":"https:\/\/greengiantcanada.ca\/","name":"Green Giant* Canada","description":"Welcome to the home of the Green Giant. Have a look at all of our vegetables and delicious recipes.","publisher":{"@id":"https:\/\/greengiantcanada.ca\/#organization"},"potentialAction":[{"@type":"SearchAction","target":{"@type":"EntryPoint","urlTemplate":"https:\/\/greengiantcanada.ca\/?s={search_term_string}"},"query-input":{"@type":"PropertyValueSpecification","valueRequired":true,"valueName":"search_term_string"}}],"inLanguage":"fr-FR"},{"@type":"Organization","@id":"https:\/\/greengiantcanada.ca\/#organization","name":"Green Giant* Canada","url":"https:\/\/greengiantcanada.ca\/","logo":{"@type":"ImageObject","inLanguage":"fr-FR","@id":"https:\/\/greengiantcanada.ca\/#\/schema\/logo\/image\/","url":"https:\/\/greengiantcanada.ca\/wp-content\/uploads\/main-logo.png","contentUrl":"https:\/\/greengiantcanada.ca\/wp-content\/uploads\/main-logo.png","width":181,"height":203,"caption":"Green Giant* Canada"},"image":{"@id":"https:\/\/greengiantcanada.ca\/#\/schema\/logo\/image\/"},"sameAs":["https:\/\/www.facebook.com\/greengiantcanada\/","https:\/\/www.pinterest.ca\/greengiantcanada\/_created\/","https:\/\/www.youtube.com\/channel\/UClXpcIXX3toIjW1HgKau_zA"]}]}},"_links":{"self":[{"href":"https:\/\/greengiantcanada.ca\/fr\/wp-json\/wp\/v2\/product\/10929","targetHints":{"allow":["GET"]}}],"collection":[{"href":"https:\/\/greengiantcanada.ca\/fr\/wp-json\/wp\/v2\/product"}],"about":[{"href":"https:\/\/greengiantcanada.ca\/fr\/wp-json\/wp\/v2\/types\/product"}],"wp:featuredmedia":[{"embeddable":true,"href":"https:\/\/greengiantcanada.ca\/fr\/wp-json\/wp\/v2\/media\/11460"}],"wp:attachment":[{"href":"https:\/\/greengiantcanada.ca\/fr\/wp-json\/wp\/v2\/media?parent=10929"}],"wp:term":[{"taxonomy":"product_brand","embeddable":true,"href":"https:\/\/greengiantcanada.ca\/fr\/wp-json\/wp\/v2\/product_brand?post=10929"},{"taxonomy":"product_cat","embeddable":true,"href":"https:\/\/greengiantcanada.ca\/fr\/wp-json\/wp\/v2\/product_cat?post=10929"},{"taxonomy":"product_tag","embeddable":true,"href":"https:\/\/greengiantcanada.ca\/fr\/wp-json\/wp\/v2\/product_tag?post=10929"}],"curies":[{"name":"wp","href":"https:\/\/api.w.org\/{rel}","templated":true}]}}