{"id":10939,"date":"2021-02-03T21:30:33","date_gmt":"2021-02-03T21:30:33","guid":{"rendered":"http:\/\/ggiantcaprod.wpengine.com\/our-products\/green-giant-garlic-herb-mashed-cauliflower\/"},"modified":"2022-03-28T15:25:52","modified_gmt":"2022-03-28T15:25:52","slug":"puree-de-chou-fleur-ail-et-fines-herbes-green-giant","status":"publish","type":"product","link":"https:\/\/greengiantcanada.ca\/fr\/our-products\/puree-de-chou-fleur-ail-et-fines-herbes-green-giant\/","title":{"rendered":"PUR\u00c9E DE CHOU-FLEUR AIL R\u00d4TI GREEN GIANT*"},"content":{"rendered":"<p>CHAQUE PART DE NOTRE PUR\u00c9E DE CHOU-FLEUR AIL ET FINES HERBES PLEINE DE SAVEUR CONTIENT UNE PORTION COMPL\u00c8TE DE CHOU-FLEUR, SANS POMME DE TERRE. SANS AR\u00d4ME ARTIFICIEL, SANS AGENT DE CONSERVATION, ET SANS\u00a0COMPLEXE!<\/p>\n<p>DISPONIBLE DANS L\u2019ALL\u00c9E DES\u00a0SURGEL\u00c9S.<\/p>\n","protected":false},"excerpt":{"rendered":"<p>CHAQUE PART DE NOTRE PUR\u00c9E DE CHOU-FLEUR AIL ET FINES HERBES PLEINE DE SAVEUR CONTIENT UNE PORTION COMPL\u00c8TE DE CHOU-FLEUR, SANS POMME DE TERRE. SANS AR\u00d4ME ARTIFICIEL, SANS AGENT DE CONSERVATION, ET SANS\u00a0COMPLEXE! DISPONIBLE DANS L\u2019ALL\u00c9E DES\u00a0SURGEL\u00c9S.<\/p>\n","protected":false},"featured_media":11231,"template":"","meta":{"_acf_changed":false},"product_brand":[],"product_cat":[691,688],"product_tag":[],"class_list":{"0":"post-10939","1":"product","2":"type-product","3":"status-publish","4":"has-post-thumbnail","6":"vegetables_contained-cauliflower-fr","7":"product_cat-nouveaux-produits","8":"product_cat-legumes-surgeles","10":"first","11":"instock","12":"shipping-taxable","13":"purchasable","14":"product-type-simple"},"acf":[],"yoast_head":"<!-- This site is optimized with the Yoast SEO Premium plugin v26.0 (Yoast SEO v27.0) - https:\/\/yoast.com\/product\/yoast-seo-premium-wordpress\/ -->\n<title>PUR\u00c9E DE CHOU-FLEUR AIL R\u00d4TI GREEN GIANT* - Green Giant* Canada<\/title>\n<meta name=\"robots\" content=\"index, follow, max-snippet:-1, max-image-preview:large, max-video-preview:-1\" \/>\n<link rel=\"canonical\" href=\"https:\/\/greengiantcanada.ca\/?post_type=product&p=10689\" \/>\n<meta property=\"og:locale\" content=\"fr_FR\" \/>\n<meta property=\"og:type\" content=\"article\" \/>\n<meta property=\"og:title\" content=\"PUR\u00c9E DE CHOU-FLEUR AIL R\u00d4TI GREEN GIANT*\" \/>\n<meta property=\"og:description\" content=\"CHAQUE PART DE NOTRE PUR\u00c9E DE CHOU-FLEUR AIL ET FINES HERBES PLEINE DE SAVEUR CONTIENT UNE PORTION COMPL\u00c8TE DE CHOU-FLEUR, SANS POMME DE TERRE. SANS AR\u00d4ME\" \/>\n<meta property=\"og:url\" content=\"https:\/\/greengiantcanada.ca\/?post_type=product&amp;p=10689\" \/>\n<meta property=\"og:site_name\" content=\"Green Giant* Canada\" \/>\n<meta property=\"article:publisher\" content=\"https:\/\/www.facebook.com\/greengiantcanada\/\" \/>\n<meta property=\"article:modified_time\" content=\"2022-03-28T15:25:52+00:00\" \/>\n<meta property=\"og:image\" content=\"https:\/\/greengiantcanada.ca\/wp-content\/uploads\/gg-mashedcauliflower-garlicherb-fr-768px_1-1.png\" \/>\n\t<meta property=\"og:image:width\" content=\"530\" \/>\n\t<meta property=\"og:image:height\" content=\"530\" \/>\n\t<meta property=\"og:image:type\" content=\"image\/png\" \/>\n<meta name=\"twitter:card\" content=\"summary_large_image\" \/>\n<meta name=\"twitter:label1\" content=\"Dur\u00e9e de lecture estim\u00e9e\" \/>\n\t<meta name=\"twitter:data1\" content=\"1 minute\" \/>\n<script type=\"application\/ld+json\" class=\"yoast-schema-graph\">{\"@context\":\"https:\/\/schema.org\",\"@graph\":[{\"@type\":\"WebPage\",\"@id\":\"https:\/\/greengiantcanada.ca\/?post_type=product&p=10689\",\"url\":\"https:\/\/greengiantcanada.ca\/?post_type=product&p=10689\",\"name\":\"PUR\u00c9E DE CHOU-FLEUR AIL R\u00d4TI GREEN GIANT* - Green Giant* Canada\",\"isPartOf\":{\"@id\":\"https:\/\/greengiantcanada.ca\/#website\"},\"primaryImageOfPage\":{\"@id\":\"https:\/\/greengiantcanada.ca\/?post_type=product&p=10689#primaryimage\"},\"image\":{\"@id\":\"https:\/\/greengiantcanada.ca\/?post_type=product&p=10689#primaryimage\"},\"thumbnailUrl\":\"https:\/\/greengiantcanada.ca\/wp-content\/uploads\/gg-mashedcauliflower-garlicherb-fr-768px_1-1.png\",\"datePublished\":\"2021-02-03T21:30:33+00:00\",\"dateModified\":\"2022-03-28T15:25:52+00:00\",\"breadcrumb\":{\"@id\":\"https:\/\/greengiantcanada.ca\/?post_type=product&p=10689#breadcrumb\"},\"inLanguage\":\"fr-FR\",\"potentialAction\":[{\"@type\":\"ReadAction\",\"target\":[\"https:\/\/greengiantcanada.ca\/?post_type=product&p=10689\"]}]},{\"@type\":\"ImageObject\",\"inLanguage\":\"fr-FR\",\"@id\":\"https:\/\/greengiantcanada.ca\/?post_type=product&p=10689#primaryimage\",\"url\":\"https:\/\/greengiantcanada.ca\/wp-content\/uploads\/gg-mashedcauliflower-garlicherb-fr-768px_1-1.png\",\"contentUrl\":\"https:\/\/greengiantcanada.ca\/wp-content\/uploads\/gg-mashedcauliflower-garlicherb-fr-768px_1-1.png\",\"width\":530,\"height\":530,\"caption\":\"Pur\u00e9e de chou-fleur Ail et fines herbes Green Giant*\"},{\"@type\":\"BreadcrumbList\",\"@id\":\"https:\/\/greengiantcanada.ca\/?post_type=product&p=10689#breadcrumb\",\"itemListElement\":[{\"@type\":\"ListItem\",\"position\":1,\"name\":\"Home\",\"item\":\"https:\/\/greengiantcanada.ca\/fr\/\"},{\"@type\":\"ListItem\",\"position\":2,\"name\":\"Our Products\",\"item\":\"https:\/\/greengiantcanada.ca\/our-products\/\"},{\"@type\":\"ListItem\",\"position\":3,\"name\":\"PUR\u00c9E DE CHOU-FLEUR AIL R\u00d4TI GREEN GIANT*\"}]},{\"@type\":\"WebSite\",\"@id\":\"https:\/\/greengiantcanada.ca\/#website\",\"url\":\"https:\/\/greengiantcanada.ca\/\",\"name\":\"Green Giant* Canada\",\"description\":\"Welcome to the home of the Green Giant. Have a look at all of our vegetables and delicious recipes.\",\"publisher\":{\"@id\":\"https:\/\/greengiantcanada.ca\/#organization\"},\"potentialAction\":[{\"@type\":\"SearchAction\",\"target\":{\"@type\":\"EntryPoint\",\"urlTemplate\":\"https:\/\/greengiantcanada.ca\/?s={search_term_string}\"},\"query-input\":{\"@type\":\"PropertyValueSpecification\",\"valueRequired\":true,\"valueName\":\"search_term_string\"}}],\"inLanguage\":\"fr-FR\"},{\"@type\":\"Organization\",\"@id\":\"https:\/\/greengiantcanada.ca\/#organization\",\"name\":\"Green Giant* Canada\",\"url\":\"https:\/\/greengiantcanada.ca\/\",\"logo\":{\"@type\":\"ImageObject\",\"inLanguage\":\"fr-FR\",\"@id\":\"https:\/\/greengiantcanada.ca\/#\/schema\/logo\/image\/\",\"url\":\"https:\/\/greengiantcanada.ca\/wp-content\/uploads\/main-logo.png\",\"contentUrl\":\"https:\/\/greengiantcanada.ca\/wp-content\/uploads\/main-logo.png\",\"width\":181,\"height\":203,\"caption\":\"Green Giant* Canada\"},\"image\":{\"@id\":\"https:\/\/greengiantcanada.ca\/#\/schema\/logo\/image\/\"},\"sameAs\":[\"https:\/\/www.facebook.com\/greengiantcanada\/\",\"https:\/\/www.pinterest.ca\/greengiantcanada\/_created\/\",\"https:\/\/www.youtube.com\/channel\/UClXpcIXX3toIjW1HgKau_zA\"]}]}<\/script>\n<!-- \/ Yoast SEO Premium plugin. -->","yoast_head_json":{"title":"PUR\u00c9E DE CHOU-FLEUR AIL R\u00d4TI GREEN GIANT* - Green Giant* Canada","robots":{"index":"index","follow":"follow","max-snippet":"max-snippet:-1","max-image-preview":"max-image-preview:large","max-video-preview":"max-video-preview:-1"},"canonical":"https:\/\/greengiantcanada.ca\/?post_type=product&p=10689","og_locale":"fr_FR","og_type":"article","og_title":"PUR\u00c9E DE CHOU-FLEUR AIL R\u00d4TI GREEN GIANT*","og_description":"CHAQUE PART DE NOTRE PUR\u00c9E DE CHOU-FLEUR AIL ET FINES HERBES PLEINE DE SAVEUR CONTIENT UNE PORTION COMPL\u00c8TE DE CHOU-FLEUR, SANS POMME DE TERRE. SANS AR\u00d4ME","og_url":"https:\/\/greengiantcanada.ca\/?post_type=product&p=10689","og_site_name":"Green Giant* Canada","article_publisher":"https:\/\/www.facebook.com\/greengiantcanada\/","article_modified_time":"2022-03-28T15:25:52+00:00","og_image":[{"width":530,"height":530,"url":"https:\/\/greengiantcanada.ca\/wp-content\/uploads\/gg-mashedcauliflower-garlicherb-fr-768px_1-1.png","type":"image\/png"}],"twitter_card":"summary_large_image","twitter_misc":{"Dur\u00e9e de lecture estim\u00e9e":"1 minute"},"schema":{"@context":"https:\/\/schema.org","@graph":[{"@type":"WebPage","@id":"https:\/\/greengiantcanada.ca\/?post_type=product&p=10689","url":"https:\/\/greengiantcanada.ca\/?post_type=product&p=10689","name":"PUR\u00c9E DE CHOU-FLEUR AIL R\u00d4TI GREEN GIANT* - Green Giant* Canada","isPartOf":{"@id":"https:\/\/greengiantcanada.ca\/#website"},"primaryImageOfPage":{"@id":"https:\/\/greengiantcanada.ca\/?post_type=product&p=10689#primaryimage"},"image":{"@id":"https:\/\/greengiantcanada.ca\/?post_type=product&p=10689#primaryimage"},"thumbnailUrl":"https:\/\/greengiantcanada.ca\/wp-content\/uploads\/gg-mashedcauliflower-garlicherb-fr-768px_1-1.png","datePublished":"2021-02-03T21:30:33+00:00","dateModified":"2022-03-28T15:25:52+00:00","breadcrumb":{"@id":"https:\/\/greengiantcanada.ca\/?post_type=product&p=10689#breadcrumb"},"inLanguage":"fr-FR","potentialAction":[{"@type":"ReadAction","target":["https:\/\/greengiantcanada.ca\/?post_type=product&p=10689"]}]},{"@type":"ImageObject","inLanguage":"fr-FR","@id":"https:\/\/greengiantcanada.ca\/?post_type=product&p=10689#primaryimage","url":"https:\/\/greengiantcanada.ca\/wp-content\/uploads\/gg-mashedcauliflower-garlicherb-fr-768px_1-1.png","contentUrl":"https:\/\/greengiantcanada.ca\/wp-content\/uploads\/gg-mashedcauliflower-garlicherb-fr-768px_1-1.png","width":530,"height":530,"caption":"Pur\u00e9e de chou-fleur Ail et fines herbes Green Giant*"},{"@type":"BreadcrumbList","@id":"https:\/\/greengiantcanada.ca\/?post_type=product&p=10689#breadcrumb","itemListElement":[{"@type":"ListItem","position":1,"name":"Home","item":"https:\/\/greengiantcanada.ca\/fr\/"},{"@type":"ListItem","position":2,"name":"Our Products","item":"https:\/\/greengiantcanada.ca\/our-products\/"},{"@type":"ListItem","position":3,"name":"PUR\u00c9E DE CHOU-FLEUR AIL R\u00d4TI GREEN GIANT*"}]},{"@type":"WebSite","@id":"https:\/\/greengiantcanada.ca\/#website","url":"https:\/\/greengiantcanada.ca\/","name":"Green Giant* Canada","description":"Welcome to the home of the Green Giant. Have a look at all of our vegetables and delicious recipes.","publisher":{"@id":"https:\/\/greengiantcanada.ca\/#organization"},"potentialAction":[{"@type":"SearchAction","target":{"@type":"EntryPoint","urlTemplate":"https:\/\/greengiantcanada.ca\/?s={search_term_string}"},"query-input":{"@type":"PropertyValueSpecification","valueRequired":true,"valueName":"search_term_string"}}],"inLanguage":"fr-FR"},{"@type":"Organization","@id":"https:\/\/greengiantcanada.ca\/#organization","name":"Green Giant* Canada","url":"https:\/\/greengiantcanada.ca\/","logo":{"@type":"ImageObject","inLanguage":"fr-FR","@id":"https:\/\/greengiantcanada.ca\/#\/schema\/logo\/image\/","url":"https:\/\/greengiantcanada.ca\/wp-content\/uploads\/main-logo.png","contentUrl":"https:\/\/greengiantcanada.ca\/wp-content\/uploads\/main-logo.png","width":181,"height":203,"caption":"Green Giant* Canada"},"image":{"@id":"https:\/\/greengiantcanada.ca\/#\/schema\/logo\/image\/"},"sameAs":["https:\/\/www.facebook.com\/greengiantcanada\/","https:\/\/www.pinterest.ca\/greengiantcanada\/_created\/","https:\/\/www.youtube.com\/channel\/UClXpcIXX3toIjW1HgKau_zA"]}]}},"_links":{"self":[{"href":"https:\/\/greengiantcanada.ca\/fr\/wp-json\/wp\/v2\/product\/10939","targetHints":{"allow":["GET"]}}],"collection":[{"href":"https:\/\/greengiantcanada.ca\/fr\/wp-json\/wp\/v2\/product"}],"about":[{"href":"https:\/\/greengiantcanada.ca\/fr\/wp-json\/wp\/v2\/types\/product"}],"wp:featuredmedia":[{"embeddable":true,"href":"https:\/\/greengiantcanada.ca\/fr\/wp-json\/wp\/v2\/media\/11231"}],"wp:attachment":[{"href":"https:\/\/greengiantcanada.ca\/fr\/wp-json\/wp\/v2\/media?parent=10939"}],"wp:term":[{"taxonomy":"product_brand","embeddable":true,"href":"https:\/\/greengiantcanada.ca\/fr\/wp-json\/wp\/v2\/product_brand?post=10939"},{"taxonomy":"product_cat","embeddable":true,"href":"https:\/\/greengiantcanada.ca\/fr\/wp-json\/wp\/v2\/product_cat?post=10939"},{"taxonomy":"product_tag","embeddable":true,"href":"https:\/\/greengiantcanada.ca\/fr\/wp-json\/wp\/v2\/product_tag?post=10939"}],"curies":[{"name":"wp","href":"https:\/\/api.w.org\/{rel}","templated":true}]}}