{"id":10984,"date":"2021-01-25T07:29:06","date_gmt":"2021-01-25T07:29:06","guid":{"rendered":"http:\/\/ggiantcaprod.wpengine.com\/our-products\/valley-selections-stir-fry-medley\/"},"modified":"2021-02-09T18:49:38","modified_gmt":"2021-02-09T18:49:38","slug":"melange-de-legumes-sautes-valley-selections","status":"publish","type":"product","link":"https:\/\/greengiantcanada.ca\/fr\/our-products\/melange-de-legumes-sautes-valley-selections\/","title":{"rendered":"M\u00c9LANGE DE L\u00c9GUMES SAUT\u00c9S VALLEY SELECTIONS*"},"content":{"rendered":"<p>UN M\u00c9LANGE DE TENDRES CHAMPIGNONS, DE CAROTTES, DE POIVRONS ROUGES, DE BROCOLIS ET D\u2019OIGNONS DE QUALIT\u00c9 SUP\u00c9RIEURE. UNE BASE PARFAITE POUR UN EXCELLENT SAUT\u00c9 PR\u00caT EN 8 MINUTES OU\u00a0MOINS!<\/p>\n","protected":false},"excerpt":{"rendered":"<p>UN M\u00c9LANGE DE TENDRES CHAMPIGNONS, DE CAROTTES, DE POIVRONS ROUGES, DE BROCOLIS ET D\u2019OIGNONS DE QUALIT\u00c9 SUP\u00c9RIEURE. UNE BASE PARFAITE POUR UN EXCELLENT SAUT\u00c9 PR\u00caT EN 8 MINUTES OU\u00a0MOINS!<\/p>\n","protected":false},"featured_media":10619,"template":"","meta":{"_acf_changed":false},"product_brand":[],"product_cat":[688,692],"product_tag":[],"class_list":{"0":"post-10984","1":"product","2":"type-product","3":"status-publish","4":"has-post-thumbnail","6":"vegetables_contained-broccoli-fr","7":"vegetables_contained-carrots-fr","8":"vegetables_contained-mushrooms-fr","9":"vegetables_contained-onion-fr","10":"vegetables_contained-red-bell-peppers-fr","11":"product_cat-legumes-surgeles","12":"product_cat-valley-selections-fr","14":"first","15":"instock","16":"shipping-taxable","17":"purchasable","18":"product-type-simple"},"acf":[],"yoast_head":"<!-- This site is optimized with the Yoast SEO Premium plugin v26.0 (Yoast SEO v27.0) - https:\/\/yoast.com\/product\/yoast-seo-premium-wordpress\/ -->\n<title>M\u00c9LANGE DE L\u00c9GUMES SAUT\u00c9S VALLEY SELECTIONS* - Green Giant* Canada<\/title>\n<meta name=\"robots\" content=\"index, follow, max-snippet:-1, max-image-preview:large, max-video-preview:-1\" \/>\n<link rel=\"canonical\" href=\"https:\/\/greengiantcanada.ca\/fr\/our-products\/melange-de-legumes-sautes-valley-selections\/\" \/>\n<meta property=\"og:locale\" content=\"fr_FR\" \/>\n<meta property=\"og:type\" content=\"article\" \/>\n<meta property=\"og:title\" content=\"M\u00c9LANGE DE L\u00c9GUMES SAUT\u00c9S VALLEY SELECTIONS*\" \/>\n<meta property=\"og:description\" content=\"UN M\u00c9LANGE DE TENDRES CHAMPIGNONS, DE CAROTTES, DE POIVRONS ROUGES, DE BROCOLIS ET D\u2019OIGNONS DE QUALIT\u00c9 SUP\u00c9RIEURE. UNE BASE PARFAITE POUR UN EXCELLENT\" \/>\n<meta property=\"og:url\" content=\"https:\/\/greengiantcanada.ca\/fr\/our-products\/melange-de-legumes-sautes-valley-selections\/\" \/>\n<meta property=\"og:site_name\" content=\"Green Giant* Canada\" \/>\n<meta property=\"article:publisher\" content=\"https:\/\/www.facebook.com\/greengiantcanada\/\" \/>\n<meta property=\"article:modified_time\" content=\"2021-02-09T18:49:38+00:00\" \/>\n<meta property=\"og:image\" content=\"https:\/\/greengiantcanada.ca\/wp-content\/uploads\/gg-vs-stir-fry-medley-cda.png\" \/>\n\t<meta property=\"og:image:width\" content=\"530\" \/>\n\t<meta property=\"og:image:height\" content=\"530\" \/>\n\t<meta property=\"og:image:type\" content=\"image\/png\" \/>\n<meta name=\"twitter:card\" content=\"summary_large_image\" \/>\n<meta name=\"twitter:label1\" content=\"Dur\u00e9e de lecture estim\u00e9e\" \/>\n\t<meta name=\"twitter:data1\" content=\"1 minute\" \/>\n<script type=\"application\/ld+json\" class=\"yoast-schema-graph\">{\"@context\":\"https:\/\/schema.org\",\"@graph\":[{\"@type\":\"WebPage\",\"@id\":\"https:\/\/greengiantcanada.ca\/fr\/our-products\/melange-de-legumes-sautes-valley-selections\/\",\"url\":\"https:\/\/greengiantcanada.ca\/fr\/our-products\/melange-de-legumes-sautes-valley-selections\/\",\"name\":\"M\u00c9LANGE DE L\u00c9GUMES SAUT\u00c9S VALLEY SELECTIONS* - Green Giant* Canada\",\"isPartOf\":{\"@id\":\"https:\/\/greengiantcanada.ca\/#website\"},\"primaryImageOfPage\":{\"@id\":\"https:\/\/greengiantcanada.ca\/fr\/our-products\/melange-de-legumes-sautes-valley-selections\/#primaryimage\"},\"image\":{\"@id\":\"https:\/\/greengiantcanada.ca\/fr\/our-products\/melange-de-legumes-sautes-valley-selections\/#primaryimage\"},\"thumbnailUrl\":\"https:\/\/greengiantcanada.ca\/wp-content\/uploads\/gg-vs-stir-fry-medley-cda.png\",\"datePublished\":\"2021-01-25T07:29:06+00:00\",\"dateModified\":\"2021-02-09T18:49:38+00:00\",\"breadcrumb\":{\"@id\":\"https:\/\/greengiantcanada.ca\/fr\/our-products\/melange-de-legumes-sautes-valley-selections\/#breadcrumb\"},\"inLanguage\":\"fr-FR\",\"potentialAction\":[{\"@type\":\"ReadAction\",\"target\":[\"https:\/\/greengiantcanada.ca\/fr\/our-products\/melange-de-legumes-sautes-valley-selections\/\"]}]},{\"@type\":\"ImageObject\",\"inLanguage\":\"fr-FR\",\"@id\":\"https:\/\/greengiantcanada.ca\/fr\/our-products\/melange-de-legumes-sautes-valley-selections\/#primaryimage\",\"url\":\"https:\/\/greengiantcanada.ca\/wp-content\/uploads\/gg-vs-stir-fry-medley-cda.png\",\"contentUrl\":\"https:\/\/greengiantcanada.ca\/wp-content\/uploads\/gg-vs-stir-fry-medley-cda.png\",\"width\":530,\"height\":530},{\"@type\":\"BreadcrumbList\",\"@id\":\"https:\/\/greengiantcanada.ca\/fr\/our-products\/melange-de-legumes-sautes-valley-selections\/#breadcrumb\",\"itemListElement\":[{\"@type\":\"ListItem\",\"position\":1,\"name\":\"Home\",\"item\":\"https:\/\/greengiantcanada.ca\/fr\/\"},{\"@type\":\"ListItem\",\"position\":2,\"name\":\"Our Products\",\"item\":\"https:\/\/greengiantcanada.ca\/our-products\/\"},{\"@type\":\"ListItem\",\"position\":3,\"name\":\"M\u00c9LANGE DE L\u00c9GUMES SAUT\u00c9S VALLEY SELECTIONS*\"}]},{\"@type\":\"WebSite\",\"@id\":\"https:\/\/greengiantcanada.ca\/#website\",\"url\":\"https:\/\/greengiantcanada.ca\/\",\"name\":\"Green Giant* Canada\",\"description\":\"Welcome to the home of the Green Giant. Have a look at all of our vegetables and delicious recipes.\",\"publisher\":{\"@id\":\"https:\/\/greengiantcanada.ca\/#organization\"},\"potentialAction\":[{\"@type\":\"SearchAction\",\"target\":{\"@type\":\"EntryPoint\",\"urlTemplate\":\"https:\/\/greengiantcanada.ca\/?s={search_term_string}\"},\"query-input\":{\"@type\":\"PropertyValueSpecification\",\"valueRequired\":true,\"valueName\":\"search_term_string\"}}],\"inLanguage\":\"fr-FR\"},{\"@type\":\"Organization\",\"@id\":\"https:\/\/greengiantcanada.ca\/#organization\",\"name\":\"Green Giant* Canada\",\"url\":\"https:\/\/greengiantcanada.ca\/\",\"logo\":{\"@type\":\"ImageObject\",\"inLanguage\":\"fr-FR\",\"@id\":\"https:\/\/greengiantcanada.ca\/#\/schema\/logo\/image\/\",\"url\":\"https:\/\/greengiantcanada.ca\/wp-content\/uploads\/main-logo.png\",\"contentUrl\":\"https:\/\/greengiantcanada.ca\/wp-content\/uploads\/main-logo.png\",\"width\":181,\"height\":203,\"caption\":\"Green Giant* Canada\"},\"image\":{\"@id\":\"https:\/\/greengiantcanada.ca\/#\/schema\/logo\/image\/\"},\"sameAs\":[\"https:\/\/www.facebook.com\/greengiantcanada\/\",\"https:\/\/www.pinterest.ca\/greengiantcanada\/_created\/\",\"https:\/\/www.youtube.com\/channel\/UClXpcIXX3toIjW1HgKau_zA\"]}]}<\/script>\n<!-- \/ Yoast SEO Premium plugin. -->","yoast_head_json":{"title":"M\u00c9LANGE DE L\u00c9GUMES SAUT\u00c9S VALLEY SELECTIONS* - Green Giant* Canada","robots":{"index":"index","follow":"follow","max-snippet":"max-snippet:-1","max-image-preview":"max-image-preview:large","max-video-preview":"max-video-preview:-1"},"canonical":"https:\/\/greengiantcanada.ca\/fr\/our-products\/melange-de-legumes-sautes-valley-selections\/","og_locale":"fr_FR","og_type":"article","og_title":"M\u00c9LANGE DE L\u00c9GUMES SAUT\u00c9S VALLEY SELECTIONS*","og_description":"UN M\u00c9LANGE DE TENDRES CHAMPIGNONS, DE CAROTTES, DE POIVRONS ROUGES, DE BROCOLIS ET D\u2019OIGNONS DE QUALIT\u00c9 SUP\u00c9RIEURE. UNE BASE PARFAITE POUR UN EXCELLENT","og_url":"https:\/\/greengiantcanada.ca\/fr\/our-products\/melange-de-legumes-sautes-valley-selections\/","og_site_name":"Green Giant* Canada","article_publisher":"https:\/\/www.facebook.com\/greengiantcanada\/","article_modified_time":"2021-02-09T18:49:38+00:00","og_image":[{"width":530,"height":530,"url":"https:\/\/greengiantcanada.ca\/wp-content\/uploads\/gg-vs-stir-fry-medley-cda.png","type":"image\/png"}],"twitter_card":"summary_large_image","twitter_misc":{"Dur\u00e9e de lecture estim\u00e9e":"1 minute"},"schema":{"@context":"https:\/\/schema.org","@graph":[{"@type":"WebPage","@id":"https:\/\/greengiantcanada.ca\/fr\/our-products\/melange-de-legumes-sautes-valley-selections\/","url":"https:\/\/greengiantcanada.ca\/fr\/our-products\/melange-de-legumes-sautes-valley-selections\/","name":"M\u00c9LANGE DE L\u00c9GUMES SAUT\u00c9S VALLEY SELECTIONS* - Green Giant* Canada","isPartOf":{"@id":"https:\/\/greengiantcanada.ca\/#website"},"primaryImageOfPage":{"@id":"https:\/\/greengiantcanada.ca\/fr\/our-products\/melange-de-legumes-sautes-valley-selections\/#primaryimage"},"image":{"@id":"https:\/\/greengiantcanada.ca\/fr\/our-products\/melange-de-legumes-sautes-valley-selections\/#primaryimage"},"thumbnailUrl":"https:\/\/greengiantcanada.ca\/wp-content\/uploads\/gg-vs-stir-fry-medley-cda.png","datePublished":"2021-01-25T07:29:06+00:00","dateModified":"2021-02-09T18:49:38+00:00","breadcrumb":{"@id":"https:\/\/greengiantcanada.ca\/fr\/our-products\/melange-de-legumes-sautes-valley-selections\/#breadcrumb"},"inLanguage":"fr-FR","potentialAction":[{"@type":"ReadAction","target":["https:\/\/greengiantcanada.ca\/fr\/our-products\/melange-de-legumes-sautes-valley-selections\/"]}]},{"@type":"ImageObject","inLanguage":"fr-FR","@id":"https:\/\/greengiantcanada.ca\/fr\/our-products\/melange-de-legumes-sautes-valley-selections\/#primaryimage","url":"https:\/\/greengiantcanada.ca\/wp-content\/uploads\/gg-vs-stir-fry-medley-cda.png","contentUrl":"https:\/\/greengiantcanada.ca\/wp-content\/uploads\/gg-vs-stir-fry-medley-cda.png","width":530,"height":530},{"@type":"BreadcrumbList","@id":"https:\/\/greengiantcanada.ca\/fr\/our-products\/melange-de-legumes-sautes-valley-selections\/#breadcrumb","itemListElement":[{"@type":"ListItem","position":1,"name":"Home","item":"https:\/\/greengiantcanada.ca\/fr\/"},{"@type":"ListItem","position":2,"name":"Our Products","item":"https:\/\/greengiantcanada.ca\/our-products\/"},{"@type":"ListItem","position":3,"name":"M\u00c9LANGE DE L\u00c9GUMES SAUT\u00c9S VALLEY SELECTIONS*"}]},{"@type":"WebSite","@id":"https:\/\/greengiantcanada.ca\/#website","url":"https:\/\/greengiantcanada.ca\/","name":"Green Giant* Canada","description":"Welcome to the home of the Green Giant. Have a look at all of our vegetables and delicious recipes.","publisher":{"@id":"https:\/\/greengiantcanada.ca\/#organization"},"potentialAction":[{"@type":"SearchAction","target":{"@type":"EntryPoint","urlTemplate":"https:\/\/greengiantcanada.ca\/?s={search_term_string}"},"query-input":{"@type":"PropertyValueSpecification","valueRequired":true,"valueName":"search_term_string"}}],"inLanguage":"fr-FR"},{"@type":"Organization","@id":"https:\/\/greengiantcanada.ca\/#organization","name":"Green Giant* Canada","url":"https:\/\/greengiantcanada.ca\/","logo":{"@type":"ImageObject","inLanguage":"fr-FR","@id":"https:\/\/greengiantcanada.ca\/#\/schema\/logo\/image\/","url":"https:\/\/greengiantcanada.ca\/wp-content\/uploads\/main-logo.png","contentUrl":"https:\/\/greengiantcanada.ca\/wp-content\/uploads\/main-logo.png","width":181,"height":203,"caption":"Green Giant* Canada"},"image":{"@id":"https:\/\/greengiantcanada.ca\/#\/schema\/logo\/image\/"},"sameAs":["https:\/\/www.facebook.com\/greengiantcanada\/","https:\/\/www.pinterest.ca\/greengiantcanada\/_created\/","https:\/\/www.youtube.com\/channel\/UClXpcIXX3toIjW1HgKau_zA"]}]}},"_links":{"self":[{"href":"https:\/\/greengiantcanada.ca\/fr\/wp-json\/wp\/v2\/product\/10984","targetHints":{"allow":["GET"]}}],"collection":[{"href":"https:\/\/greengiantcanada.ca\/fr\/wp-json\/wp\/v2\/product"}],"about":[{"href":"https:\/\/greengiantcanada.ca\/fr\/wp-json\/wp\/v2\/types\/product"}],"wp:featuredmedia":[{"embeddable":true,"href":"https:\/\/greengiantcanada.ca\/fr\/wp-json\/wp\/v2\/media\/10619"}],"wp:attachment":[{"href":"https:\/\/greengiantcanada.ca\/fr\/wp-json\/wp\/v2\/media?parent=10984"}],"wp:term":[{"taxonomy":"product_brand","embeddable":true,"href":"https:\/\/greengiantcanada.ca\/fr\/wp-json\/wp\/v2\/product_brand?post=10984"},{"taxonomy":"product_cat","embeddable":true,"href":"https:\/\/greengiantcanada.ca\/fr\/wp-json\/wp\/v2\/product_cat?post=10984"},{"taxonomy":"product_tag","embeddable":true,"href":"https:\/\/greengiantcanada.ca\/fr\/wp-json\/wp\/v2\/product_tag?post=10984"}],"curies":[{"name":"wp","href":"https:\/\/api.w.org\/{rel}","templated":true}]}}