{"id":10989,"date":"2021-01-25T07:29:03","date_gmt":"2021-01-25T07:29:03","guid":{"rendered":"http:\/\/ggiantcaprod.wpengine.com\/our-products\/valley-selections-japanese-mix\/"},"modified":"2021-02-09T18:49:48","modified_gmt":"2021-02-09T18:49:48","slug":"melange-japonais-valley-selections","status":"publish","type":"product","link":"https:\/\/greengiantcanada.ca\/fr\/our-products\/melange-japonais-valley-selections\/","title":{"rendered":"M\u00c9LANGE JAPONAIS VALLEY SELECTIONS*"},"content":{"rendered":"<p>CETTE COMBINAISON UNIQUE DE POIS SUCR\u00c9S, DE CAROTTES EN JULIENNE, DE BROCOLI COUP\u00c9, DE LANGUETTES DE POIVRONS JAUNES, DE HARICOTS VERTS ENTIERS ET DE CH\u00c2TAIGNES D\u2019EAU EST ID\u00c9ALE TELLE QUELLE, EN PLAT D\u2019ACCOMPAGNEMENT OU DANS UNE\u00a0RECETTE.<\/p>\n","protected":false},"excerpt":{"rendered":"<p>CETTE COMBINAISON UNIQUE DE POIS SUCR\u00c9S, DE CAROTTES EN JULIENNE, DE BROCOLI COUP\u00c9, DE LANGUETTES DE POIVRONS JAUNES, DE HARICOTS VERTS ENTIERS ET DE CH\u00c2TAIGNES D\u2019EAU EST ID\u00c9ALE TELLE QUELLE, EN PLAT D\u2019ACCOMPAGNEMENT OU DANS UNE\u00a0RECETTE.<\/p>\n","protected":false},"featured_media":10603,"template":"","meta":{"_acf_changed":false},"product_brand":[],"product_cat":[688,692],"product_tag":[],"class_list":{"0":"post-10989","1":"product","2":"type-product","3":"status-publish","4":"has-post-thumbnail","6":"vegetables_contained-broccoli-fr","7":"vegetables_contained-carrots-fr","8":"vegetables_contained-water-chestnuts-fr","9":"vegetables_contained-sugar-snap-peas-fr","10":"vegetables_contained-yellow-bell-peppers-fr","11":"product_cat-legumes-surgeles","12":"product_cat-valley-selections-fr","14":"first","15":"instock","16":"shipping-taxable","17":"purchasable","18":"product-type-simple"},"acf":[],"yoast_head":"<!-- This site is optimized with the Yoast SEO Premium plugin v26.0 (Yoast SEO v27.0) - https:\/\/yoast.com\/product\/yoast-seo-premium-wordpress\/ -->\n<title>M\u00c9LANGE JAPONAIS VALLEY SELECTIONS* - Green Giant* Canada<\/title>\n<meta name=\"robots\" content=\"index, follow, max-snippet:-1, max-image-preview:large, max-video-preview:-1\" \/>\n<link rel=\"canonical\" href=\"https:\/\/greengiantcanada.ca\/fr\/our-products\/melange-japonais-valley-selections\/\" \/>\n<meta property=\"og:locale\" content=\"fr_FR\" \/>\n<meta property=\"og:type\" content=\"article\" \/>\n<meta property=\"og:title\" content=\"M\u00c9LANGE JAPONAIS VALLEY SELECTIONS*\" \/>\n<meta property=\"og:description\" content=\"CETTE COMBINAISON UNIQUE DE POIS SUCR\u00c9S, DE CAROTTES EN JULIENNE, DE BROCOLI COUP\u00c9, DE LANGUETTES DE POIVRONS JAUNES, DE HARICOTS VERTS ENTIERS ET DE\" \/>\n<meta property=\"og:url\" content=\"https:\/\/greengiantcanada.ca\/fr\/our-products\/melange-japonais-valley-selections\/\" \/>\n<meta property=\"og:site_name\" content=\"Green Giant* Canada\" \/>\n<meta property=\"article:publisher\" content=\"https:\/\/www.facebook.com\/greengiantcanada\/\" \/>\n<meta property=\"article:modified_time\" content=\"2021-02-09T18:49:48+00:00\" \/>\n<meta property=\"og:image\" content=\"https:\/\/greengiantcanada.ca\/wp-content\/uploads\/gg-vs-japanese-mix-cda.png\" \/>\n\t<meta property=\"og:image:width\" content=\"530\" \/>\n\t<meta property=\"og:image:height\" content=\"530\" \/>\n\t<meta property=\"og:image:type\" content=\"image\/png\" \/>\n<meta name=\"twitter:card\" content=\"summary_large_image\" \/>\n<meta name=\"twitter:label1\" content=\"Dur\u00e9e de lecture estim\u00e9e\" \/>\n\t<meta name=\"twitter:data1\" content=\"1 minute\" \/>\n<script type=\"application\/ld+json\" class=\"yoast-schema-graph\">{\"@context\":\"https:\/\/schema.org\",\"@graph\":[{\"@type\":\"WebPage\",\"@id\":\"https:\/\/greengiantcanada.ca\/fr\/our-products\/melange-japonais-valley-selections\/\",\"url\":\"https:\/\/greengiantcanada.ca\/fr\/our-products\/melange-japonais-valley-selections\/\",\"name\":\"M\u00c9LANGE JAPONAIS VALLEY SELECTIONS* - Green Giant* Canada\",\"isPartOf\":{\"@id\":\"https:\/\/greengiantcanada.ca\/#website\"},\"primaryImageOfPage\":{\"@id\":\"https:\/\/greengiantcanada.ca\/fr\/our-products\/melange-japonais-valley-selections\/#primaryimage\"},\"image\":{\"@id\":\"https:\/\/greengiantcanada.ca\/fr\/our-products\/melange-japonais-valley-selections\/#primaryimage\"},\"thumbnailUrl\":\"https:\/\/greengiantcanada.ca\/wp-content\/uploads\/gg-vs-japanese-mix-cda.png\",\"datePublished\":\"2021-01-25T07:29:03+00:00\",\"dateModified\":\"2021-02-09T18:49:48+00:00\",\"breadcrumb\":{\"@id\":\"https:\/\/greengiantcanada.ca\/fr\/our-products\/melange-japonais-valley-selections\/#breadcrumb\"},\"inLanguage\":\"fr-FR\",\"potentialAction\":[{\"@type\":\"ReadAction\",\"target\":[\"https:\/\/greengiantcanada.ca\/fr\/our-products\/melange-japonais-valley-selections\/\"]}]},{\"@type\":\"ImageObject\",\"inLanguage\":\"fr-FR\",\"@id\":\"https:\/\/greengiantcanada.ca\/fr\/our-products\/melange-japonais-valley-selections\/#primaryimage\",\"url\":\"https:\/\/greengiantcanada.ca\/wp-content\/uploads\/gg-vs-japanese-mix-cda.png\",\"contentUrl\":\"https:\/\/greengiantcanada.ca\/wp-content\/uploads\/gg-vs-japanese-mix-cda.png\",\"width\":530,\"height\":530},{\"@type\":\"BreadcrumbList\",\"@id\":\"https:\/\/greengiantcanada.ca\/fr\/our-products\/melange-japonais-valley-selections\/#breadcrumb\",\"itemListElement\":[{\"@type\":\"ListItem\",\"position\":1,\"name\":\"Home\",\"item\":\"https:\/\/greengiantcanada.ca\/fr\/\"},{\"@type\":\"ListItem\",\"position\":2,\"name\":\"Our Products\",\"item\":\"https:\/\/greengiantcanada.ca\/our-products\/\"},{\"@type\":\"ListItem\",\"position\":3,\"name\":\"M\u00c9LANGE JAPONAIS VALLEY SELECTIONS*\"}]},{\"@type\":\"WebSite\",\"@id\":\"https:\/\/greengiantcanada.ca\/#website\",\"url\":\"https:\/\/greengiantcanada.ca\/\",\"name\":\"Green Giant* Canada\",\"description\":\"Welcome to the home of the Green Giant. Have a look at all of our vegetables and delicious recipes.\",\"publisher\":{\"@id\":\"https:\/\/greengiantcanada.ca\/#organization\"},\"potentialAction\":[{\"@type\":\"SearchAction\",\"target\":{\"@type\":\"EntryPoint\",\"urlTemplate\":\"https:\/\/greengiantcanada.ca\/?s={search_term_string}\"},\"query-input\":{\"@type\":\"PropertyValueSpecification\",\"valueRequired\":true,\"valueName\":\"search_term_string\"}}],\"inLanguage\":\"fr-FR\"},{\"@type\":\"Organization\",\"@id\":\"https:\/\/greengiantcanada.ca\/#organization\",\"name\":\"Green Giant* Canada\",\"url\":\"https:\/\/greengiantcanada.ca\/\",\"logo\":{\"@type\":\"ImageObject\",\"inLanguage\":\"fr-FR\",\"@id\":\"https:\/\/greengiantcanada.ca\/#\/schema\/logo\/image\/\",\"url\":\"https:\/\/greengiantcanada.ca\/wp-content\/uploads\/main-logo.png\",\"contentUrl\":\"https:\/\/greengiantcanada.ca\/wp-content\/uploads\/main-logo.png\",\"width\":181,\"height\":203,\"caption\":\"Green Giant* Canada\"},\"image\":{\"@id\":\"https:\/\/greengiantcanada.ca\/#\/schema\/logo\/image\/\"},\"sameAs\":[\"https:\/\/www.facebook.com\/greengiantcanada\/\",\"https:\/\/www.pinterest.ca\/greengiantcanada\/_created\/\",\"https:\/\/www.youtube.com\/channel\/UClXpcIXX3toIjW1HgKau_zA\"]}]}<\/script>\n<!-- \/ Yoast SEO Premium plugin. -->","yoast_head_json":{"title":"M\u00c9LANGE JAPONAIS VALLEY SELECTIONS* - Green Giant* Canada","robots":{"index":"index","follow":"follow","max-snippet":"max-snippet:-1","max-image-preview":"max-image-preview:large","max-video-preview":"max-video-preview:-1"},"canonical":"https:\/\/greengiantcanada.ca\/fr\/our-products\/melange-japonais-valley-selections\/","og_locale":"fr_FR","og_type":"article","og_title":"M\u00c9LANGE JAPONAIS VALLEY SELECTIONS*","og_description":"CETTE COMBINAISON UNIQUE DE POIS SUCR\u00c9S, DE CAROTTES EN JULIENNE, DE BROCOLI COUP\u00c9, DE LANGUETTES DE POIVRONS JAUNES, DE HARICOTS VERTS ENTIERS ET DE","og_url":"https:\/\/greengiantcanada.ca\/fr\/our-products\/melange-japonais-valley-selections\/","og_site_name":"Green Giant* Canada","article_publisher":"https:\/\/www.facebook.com\/greengiantcanada\/","article_modified_time":"2021-02-09T18:49:48+00:00","og_image":[{"width":530,"height":530,"url":"https:\/\/greengiantcanada.ca\/wp-content\/uploads\/gg-vs-japanese-mix-cda.png","type":"image\/png"}],"twitter_card":"summary_large_image","twitter_misc":{"Dur\u00e9e de lecture estim\u00e9e":"1 minute"},"schema":{"@context":"https:\/\/schema.org","@graph":[{"@type":"WebPage","@id":"https:\/\/greengiantcanada.ca\/fr\/our-products\/melange-japonais-valley-selections\/","url":"https:\/\/greengiantcanada.ca\/fr\/our-products\/melange-japonais-valley-selections\/","name":"M\u00c9LANGE JAPONAIS VALLEY SELECTIONS* - Green Giant* Canada","isPartOf":{"@id":"https:\/\/greengiantcanada.ca\/#website"},"primaryImageOfPage":{"@id":"https:\/\/greengiantcanada.ca\/fr\/our-products\/melange-japonais-valley-selections\/#primaryimage"},"image":{"@id":"https:\/\/greengiantcanada.ca\/fr\/our-products\/melange-japonais-valley-selections\/#primaryimage"},"thumbnailUrl":"https:\/\/greengiantcanada.ca\/wp-content\/uploads\/gg-vs-japanese-mix-cda.png","datePublished":"2021-01-25T07:29:03+00:00","dateModified":"2021-02-09T18:49:48+00:00","breadcrumb":{"@id":"https:\/\/greengiantcanada.ca\/fr\/our-products\/melange-japonais-valley-selections\/#breadcrumb"},"inLanguage":"fr-FR","potentialAction":[{"@type":"ReadAction","target":["https:\/\/greengiantcanada.ca\/fr\/our-products\/melange-japonais-valley-selections\/"]}]},{"@type":"ImageObject","inLanguage":"fr-FR","@id":"https:\/\/greengiantcanada.ca\/fr\/our-products\/melange-japonais-valley-selections\/#primaryimage","url":"https:\/\/greengiantcanada.ca\/wp-content\/uploads\/gg-vs-japanese-mix-cda.png","contentUrl":"https:\/\/greengiantcanada.ca\/wp-content\/uploads\/gg-vs-japanese-mix-cda.png","width":530,"height":530},{"@type":"BreadcrumbList","@id":"https:\/\/greengiantcanada.ca\/fr\/our-products\/melange-japonais-valley-selections\/#breadcrumb","itemListElement":[{"@type":"ListItem","position":1,"name":"Home","item":"https:\/\/greengiantcanada.ca\/fr\/"},{"@type":"ListItem","position":2,"name":"Our Products","item":"https:\/\/greengiantcanada.ca\/our-products\/"},{"@type":"ListItem","position":3,"name":"M\u00c9LANGE JAPONAIS VALLEY SELECTIONS*"}]},{"@type":"WebSite","@id":"https:\/\/greengiantcanada.ca\/#website","url":"https:\/\/greengiantcanada.ca\/","name":"Green Giant* Canada","description":"Welcome to the home of the Green Giant. Have a look at all of our vegetables and delicious recipes.","publisher":{"@id":"https:\/\/greengiantcanada.ca\/#organization"},"potentialAction":[{"@type":"SearchAction","target":{"@type":"EntryPoint","urlTemplate":"https:\/\/greengiantcanada.ca\/?s={search_term_string}"},"query-input":{"@type":"PropertyValueSpecification","valueRequired":true,"valueName":"search_term_string"}}],"inLanguage":"fr-FR"},{"@type":"Organization","@id":"https:\/\/greengiantcanada.ca\/#organization","name":"Green Giant* Canada","url":"https:\/\/greengiantcanada.ca\/","logo":{"@type":"ImageObject","inLanguage":"fr-FR","@id":"https:\/\/greengiantcanada.ca\/#\/schema\/logo\/image\/","url":"https:\/\/greengiantcanada.ca\/wp-content\/uploads\/main-logo.png","contentUrl":"https:\/\/greengiantcanada.ca\/wp-content\/uploads\/main-logo.png","width":181,"height":203,"caption":"Green Giant* Canada"},"image":{"@id":"https:\/\/greengiantcanada.ca\/#\/schema\/logo\/image\/"},"sameAs":["https:\/\/www.facebook.com\/greengiantcanada\/","https:\/\/www.pinterest.ca\/greengiantcanada\/_created\/","https:\/\/www.youtube.com\/channel\/UClXpcIXX3toIjW1HgKau_zA"]}]}},"_links":{"self":[{"href":"https:\/\/greengiantcanada.ca\/fr\/wp-json\/wp\/v2\/product\/10989","targetHints":{"allow":["GET"]}}],"collection":[{"href":"https:\/\/greengiantcanada.ca\/fr\/wp-json\/wp\/v2\/product"}],"about":[{"href":"https:\/\/greengiantcanada.ca\/fr\/wp-json\/wp\/v2\/types\/product"}],"wp:featuredmedia":[{"embeddable":true,"href":"https:\/\/greengiantcanada.ca\/fr\/wp-json\/wp\/v2\/media\/10603"}],"wp:attachment":[{"href":"https:\/\/greengiantcanada.ca\/fr\/wp-json\/wp\/v2\/media?parent=10989"}],"wp:term":[{"taxonomy":"product_brand","embeddable":true,"href":"https:\/\/greengiantcanada.ca\/fr\/wp-json\/wp\/v2\/product_brand?post=10989"},{"taxonomy":"product_cat","embeddable":true,"href":"https:\/\/greengiantcanada.ca\/fr\/wp-json\/wp\/v2\/product_cat?post=10989"},{"taxonomy":"product_tag","embeddable":true,"href":"https:\/\/greengiantcanada.ca\/fr\/wp-json\/wp\/v2\/product_tag?post=10989"}],"curies":[{"name":"wp","href":"https:\/\/api.w.org\/{rel}","templated":true}]}}