{"id":11493,"date":"2022-03-28T15:47:48","date_gmt":"2022-03-28T15:48:56","guid":{"rendered":"https:\/\/ggiantcastage.wpengine.com\/?post_type=product&#038;p=11493"},"modified":"2022-04-14T00:02:09","modified_gmt":"2022-04-14T00:02:09","slug":"green-giant-legumes-en-riz-lime-et-coriandre","status":"publish","type":"product","link":"https:\/\/greengiantcanada.ca\/fr\/our-products\/green-giant-legumes-en-riz-lime-et-coriandre\/","title":{"rendered":"GREEN GIANT* L\u00c9GUMES EN RIZ LIME ET CORIANDRE"},"content":{"rendered":"<p>Chaque bouch\u00e9e de ce m\u00e9lange de l\u00e9gumes en riz, compos\u00e9 de choux-fleurs, de jus de lime et d\u2019assaisonnement de coriandre, vous mettra l\u2019eau \u00e0 la bouche! Faites cuire au micro-ondes pendant 5\u00a0minutes et savourez. Disponible dans l\u2019all\u00e9e des surgel\u00e9s. <\/p>\n","protected":false},"excerpt":{"rendered":"<p>Chaque bouch\u00e9e de ce m\u00e9lange de l\u00e9gumes en riz, compos\u00e9 de choux-fleurs, de jus de lime et d\u2019assaisonnement de coriandre, vous mettra l\u2019eau \u00e0 la bouche! Faites cuire au micro-ondes pendant 5\u00a0minutes et savourez. Disponible dans l\u2019all\u00e9e des surgel\u00e9s.<\/p>\n","protected":false},"featured_media":11492,"template":"","meta":{"_acf_changed":false},"product_brand":[],"product_cat":[691,688],"product_tag":[],"class_list":{"0":"post-11493","1":"product","2":"type-product","3":"status-publish","4":"has-post-thumbnail","6":"vegetables_contained-cauliflower-fr","7":"product_cat-nouveaux-produits","8":"product_cat-legumes-surgeles","10":"first","11":"instock","12":"shipping-taxable","13":"product-type-simple"},"acf":[],"yoast_head":"<!-- This site is optimized with the Yoast SEO Premium plugin v26.0 (Yoast SEO v27.0) - https:\/\/yoast.com\/product\/yoast-seo-premium-wordpress\/ -->\n<title>GREEN GIANT* L\u00c9GUMES EN RIZ LIME ET CORIANDRE - Green Giant* Canada<\/title>\n<meta name=\"robots\" content=\"index, follow, max-snippet:-1, max-image-preview:large, max-video-preview:-1\" \/>\n<link rel=\"canonical\" href=\"https:\/\/greengiantcanada.ca\/?post_type=product&p=11488\" \/>\n<meta property=\"og:locale\" content=\"fr_FR\" \/>\n<meta property=\"og:type\" content=\"article\" \/>\n<meta property=\"og:title\" content=\"GREEN GIANT* L\u00c9GUMES EN RIZ LIME ET CORIANDRE\" \/>\n<meta property=\"og:description\" content=\"Chaque bouch\u00e9e de ce m\u00e9lange de l\u00e9gumes en riz, compos\u00e9 de choux-fleurs, de jus de lime et d\u2019assaisonnement de coriandre, vous mettra l\u2019eau \u00e0 la bouche!\" \/>\n<meta property=\"og:url\" content=\"https:\/\/greengiantcanada.ca\/?post_type=product&amp;p=11488\" \/>\n<meta property=\"og:site_name\" content=\"Green Giant* Canada\" \/>\n<meta property=\"article:publisher\" content=\"https:\/\/www.facebook.com\/greengiantcanada\/\" \/>\n<meta property=\"article:modified_time\" content=\"2022-04-14T00:02:09+00:00\" \/>\n<meta property=\"og:image\" content=\"https:\/\/greengiantcanada.ca\/wp-content\/uploads\/gg-riced-veggies-lime.png\" \/>\n\t<meta property=\"og:image:width\" content=\"530\" \/>\n\t<meta property=\"og:image:height\" content=\"530\" \/>\n\t<meta property=\"og:image:type\" content=\"image\/png\" \/>\n<meta name=\"twitter:card\" content=\"summary_large_image\" \/>\n<script type=\"application\/ld+json\" class=\"yoast-schema-graph\">{\"@context\":\"https:\/\/schema.org\",\"@graph\":[{\"@type\":\"WebPage\",\"@id\":\"https:\/\/greengiantcanada.ca\/?post_type=product&p=11488\",\"url\":\"https:\/\/greengiantcanada.ca\/?post_type=product&p=11488\",\"name\":\"GREEN GIANT* L\u00c9GUMES EN RIZ LIME ET CORIANDRE - Green Giant* Canada\",\"isPartOf\":{\"@id\":\"https:\/\/greengiantcanada.ca\/#website\"},\"primaryImageOfPage\":{\"@id\":\"https:\/\/greengiantcanada.ca\/?post_type=product&p=11488#primaryimage\"},\"image\":{\"@id\":\"https:\/\/greengiantcanada.ca\/?post_type=product&p=11488#primaryimage\"},\"thumbnailUrl\":\"https:\/\/greengiantcanada.ca\/wp-content\/uploads\/gg-riced-veggies-lime.png\",\"datePublished\":\"2022-03-28T15:48:56+00:00\",\"dateModified\":\"2022-04-14T00:02:09+00:00\",\"breadcrumb\":{\"@id\":\"https:\/\/greengiantcanada.ca\/?post_type=product&p=11488#breadcrumb\"},\"inLanguage\":\"fr-FR\",\"potentialAction\":[{\"@type\":\"ReadAction\",\"target\":[\"https:\/\/greengiantcanada.ca\/?post_type=product&p=11488\"]}]},{\"@type\":\"ImageObject\",\"inLanguage\":\"fr-FR\",\"@id\":\"https:\/\/greengiantcanada.ca\/?post_type=product&p=11488#primaryimage\",\"url\":\"https:\/\/greengiantcanada.ca\/wp-content\/uploads\/gg-riced-veggies-lime.png\",\"contentUrl\":\"https:\/\/greengiantcanada.ca\/wp-content\/uploads\/gg-riced-veggies-lime.png\",\"width\":530,\"height\":530},{\"@type\":\"BreadcrumbList\",\"@id\":\"https:\/\/greengiantcanada.ca\/?post_type=product&p=11488#breadcrumb\",\"itemListElement\":[{\"@type\":\"ListItem\",\"position\":1,\"name\":\"Home\",\"item\":\"https:\/\/greengiantcanada.ca\/fr\/\"},{\"@type\":\"ListItem\",\"position\":2,\"name\":\"Our Products\",\"item\":\"https:\/\/greengiantcanada.ca\/our-products\/\"},{\"@type\":\"ListItem\",\"position\":3,\"name\":\"GREEN GIANT* L\u00c9GUMES EN RIZ LIME ET CORIANDRE\"}]},{\"@type\":\"WebSite\",\"@id\":\"https:\/\/greengiantcanada.ca\/#website\",\"url\":\"https:\/\/greengiantcanada.ca\/\",\"name\":\"Green Giant* Canada\",\"description\":\"Welcome to the home of the Green Giant. Have a look at all of our vegetables and delicious recipes.\",\"publisher\":{\"@id\":\"https:\/\/greengiantcanada.ca\/#organization\"},\"potentialAction\":[{\"@type\":\"SearchAction\",\"target\":{\"@type\":\"EntryPoint\",\"urlTemplate\":\"https:\/\/greengiantcanada.ca\/?s={search_term_string}\"},\"query-input\":{\"@type\":\"PropertyValueSpecification\",\"valueRequired\":true,\"valueName\":\"search_term_string\"}}],\"inLanguage\":\"fr-FR\"},{\"@type\":\"Organization\",\"@id\":\"https:\/\/greengiantcanada.ca\/#organization\",\"name\":\"Green Giant* Canada\",\"url\":\"https:\/\/greengiantcanada.ca\/\",\"logo\":{\"@type\":\"ImageObject\",\"inLanguage\":\"fr-FR\",\"@id\":\"https:\/\/greengiantcanada.ca\/#\/schema\/logo\/image\/\",\"url\":\"https:\/\/greengiantcanada.ca\/wp-content\/uploads\/main-logo.png\",\"contentUrl\":\"https:\/\/greengiantcanada.ca\/wp-content\/uploads\/main-logo.png\",\"width\":181,\"height\":203,\"caption\":\"Green Giant* Canada\"},\"image\":{\"@id\":\"https:\/\/greengiantcanada.ca\/#\/schema\/logo\/image\/\"},\"sameAs\":[\"https:\/\/www.facebook.com\/greengiantcanada\/\",\"https:\/\/www.pinterest.ca\/greengiantcanada\/_created\/\",\"https:\/\/www.youtube.com\/channel\/UClXpcIXX3toIjW1HgKau_zA\"]}]}<\/script>\n<!-- \/ Yoast SEO Premium plugin. -->","yoast_head_json":{"title":"GREEN GIANT* L\u00c9GUMES EN RIZ LIME ET CORIANDRE - Green Giant* Canada","robots":{"index":"index","follow":"follow","max-snippet":"max-snippet:-1","max-image-preview":"max-image-preview:large","max-video-preview":"max-video-preview:-1"},"canonical":"https:\/\/greengiantcanada.ca\/?post_type=product&p=11488","og_locale":"fr_FR","og_type":"article","og_title":"GREEN GIANT* L\u00c9GUMES EN RIZ LIME ET CORIANDRE","og_description":"Chaque bouch\u00e9e de ce m\u00e9lange de l\u00e9gumes en riz, compos\u00e9 de choux-fleurs, de jus de lime et d\u2019assaisonnement de coriandre, vous mettra l\u2019eau \u00e0 la bouche!","og_url":"https:\/\/greengiantcanada.ca\/?post_type=product&p=11488","og_site_name":"Green Giant* Canada","article_publisher":"https:\/\/www.facebook.com\/greengiantcanada\/","article_modified_time":"2022-04-14T00:02:09+00:00","og_image":[{"width":530,"height":530,"url":"https:\/\/greengiantcanada.ca\/wp-content\/uploads\/gg-riced-veggies-lime.png","type":"image\/png"}],"twitter_card":"summary_large_image","schema":{"@context":"https:\/\/schema.org","@graph":[{"@type":"WebPage","@id":"https:\/\/greengiantcanada.ca\/?post_type=product&p=11488","url":"https:\/\/greengiantcanada.ca\/?post_type=product&p=11488","name":"GREEN GIANT* L\u00c9GUMES EN RIZ LIME ET CORIANDRE - Green Giant* Canada","isPartOf":{"@id":"https:\/\/greengiantcanada.ca\/#website"},"primaryImageOfPage":{"@id":"https:\/\/greengiantcanada.ca\/?post_type=product&p=11488#primaryimage"},"image":{"@id":"https:\/\/greengiantcanada.ca\/?post_type=product&p=11488#primaryimage"},"thumbnailUrl":"https:\/\/greengiantcanada.ca\/wp-content\/uploads\/gg-riced-veggies-lime.png","datePublished":"2022-03-28T15:48:56+00:00","dateModified":"2022-04-14T00:02:09+00:00","breadcrumb":{"@id":"https:\/\/greengiantcanada.ca\/?post_type=product&p=11488#breadcrumb"},"inLanguage":"fr-FR","potentialAction":[{"@type":"ReadAction","target":["https:\/\/greengiantcanada.ca\/?post_type=product&p=11488"]}]},{"@type":"ImageObject","inLanguage":"fr-FR","@id":"https:\/\/greengiantcanada.ca\/?post_type=product&p=11488#primaryimage","url":"https:\/\/greengiantcanada.ca\/wp-content\/uploads\/gg-riced-veggies-lime.png","contentUrl":"https:\/\/greengiantcanada.ca\/wp-content\/uploads\/gg-riced-veggies-lime.png","width":530,"height":530},{"@type":"BreadcrumbList","@id":"https:\/\/greengiantcanada.ca\/?post_type=product&p=11488#breadcrumb","itemListElement":[{"@type":"ListItem","position":1,"name":"Home","item":"https:\/\/greengiantcanada.ca\/fr\/"},{"@type":"ListItem","position":2,"name":"Our Products","item":"https:\/\/greengiantcanada.ca\/our-products\/"},{"@type":"ListItem","position":3,"name":"GREEN GIANT* L\u00c9GUMES EN RIZ LIME ET CORIANDRE"}]},{"@type":"WebSite","@id":"https:\/\/greengiantcanada.ca\/#website","url":"https:\/\/greengiantcanada.ca\/","name":"Green Giant* Canada","description":"Welcome to the home of the Green Giant. Have a look at all of our vegetables and delicious recipes.","publisher":{"@id":"https:\/\/greengiantcanada.ca\/#organization"},"potentialAction":[{"@type":"SearchAction","target":{"@type":"EntryPoint","urlTemplate":"https:\/\/greengiantcanada.ca\/?s={search_term_string}"},"query-input":{"@type":"PropertyValueSpecification","valueRequired":true,"valueName":"search_term_string"}}],"inLanguage":"fr-FR"},{"@type":"Organization","@id":"https:\/\/greengiantcanada.ca\/#organization","name":"Green Giant* Canada","url":"https:\/\/greengiantcanada.ca\/","logo":{"@type":"ImageObject","inLanguage":"fr-FR","@id":"https:\/\/greengiantcanada.ca\/#\/schema\/logo\/image\/","url":"https:\/\/greengiantcanada.ca\/wp-content\/uploads\/main-logo.png","contentUrl":"https:\/\/greengiantcanada.ca\/wp-content\/uploads\/main-logo.png","width":181,"height":203,"caption":"Green Giant* Canada"},"image":{"@id":"https:\/\/greengiantcanada.ca\/#\/schema\/logo\/image\/"},"sameAs":["https:\/\/www.facebook.com\/greengiantcanada\/","https:\/\/www.pinterest.ca\/greengiantcanada\/_created\/","https:\/\/www.youtube.com\/channel\/UClXpcIXX3toIjW1HgKau_zA"]}]}},"_links":{"self":[{"href":"https:\/\/greengiantcanada.ca\/fr\/wp-json\/wp\/v2\/product\/11493","targetHints":{"allow":["GET"]}}],"collection":[{"href":"https:\/\/greengiantcanada.ca\/fr\/wp-json\/wp\/v2\/product"}],"about":[{"href":"https:\/\/greengiantcanada.ca\/fr\/wp-json\/wp\/v2\/types\/product"}],"wp:featuredmedia":[{"embeddable":true,"href":"https:\/\/greengiantcanada.ca\/fr\/wp-json\/wp\/v2\/media\/11492"}],"wp:attachment":[{"href":"https:\/\/greengiantcanada.ca\/fr\/wp-json\/wp\/v2\/media?parent=11493"}],"wp:term":[{"taxonomy":"product_brand","embeddable":true,"href":"https:\/\/greengiantcanada.ca\/fr\/wp-json\/wp\/v2\/product_brand?post=11493"},{"taxonomy":"product_cat","embeddable":true,"href":"https:\/\/greengiantcanada.ca\/fr\/wp-json\/wp\/v2\/product_cat?post=11493"},{"taxonomy":"product_tag","embeddable":true,"href":"https:\/\/greengiantcanada.ca\/fr\/wp-json\/wp\/v2\/product_tag?post=11493"}],"curies":[{"name":"wp","href":"https:\/\/api.w.org\/{rel}","templated":true}]}}