{"id":11502,"date":"2022-03-28T15:55:01","date_gmt":"2022-03-28T15:57:07","guid":{"rendered":"https:\/\/ggiantcastage.wpengine.com\/?post_type=product&#038;p=11502"},"modified":"2022-03-28T15:57:07","modified_gmt":"2022-03-28T15:57:07","slug":"green-giant-simply-steam-mais-style-sud-ouest","status":"publish","type":"product","link":"https:\/\/greengiantcanada.ca\/fr\/our-products\/green-giant-simply-steam-mais-style-sud-ouest\/","title":{"rendered":"GREEN GIANT* SIMPLY STEAM MA\u00cfS STYLE SUD-OUEST"},"content":{"rendered":"<p>Un m\u00e9lange unique de ma\u00efs, de poivrons rouges et verts et d\u2019assaisonnement. Pr\u00e9parez un d\u00e9licieux plat d\u2019accompagnement qui se cuisine parfaitement en sac. Voil\u00e0 qui est pratique!<\/p>\n","protected":false},"excerpt":{"rendered":"<p>Un m\u00e9lange unique de ma\u00efs, de poivrons rouges et verts et d\u2019assaisonnement. Pr\u00e9parez un d\u00e9licieux plat d\u2019accompagnement qui se cuisine parfaitement en sac. Voil\u00e0 qui est pratique!<\/p>\n","protected":false},"featured_media":11501,"template":"","meta":{"_acf_changed":false},"product_brand":[],"product_cat":[688,690],"product_tag":[],"class_list":{"0":"post-11502","1":"product","2":"type-product","3":"status-publish","4":"has-post-thumbnail","6":"vegetables_contained-yellow-corn-fr","7":"vegetables_contained-red-bell-peppers-fr","8":"product_cat-legumes-surgeles","9":"product_cat-simply-steam-fr","11":"first","12":"instock","13":"shipping-taxable","14":"product-type-simple"},"acf":[],"yoast_head":"<!-- This site is optimized with the Yoast SEO Premium plugin v26.0 (Yoast SEO v27.0) - https:\/\/yoast.com\/product\/yoast-seo-premium-wordpress\/ -->\n<title>GREEN GIANT* SIMPLY STEAM MA\u00cfS STYLE SUD-OUEST - Green Giant* Canada<\/title>\n<meta name=\"robots\" content=\"index, follow, max-snippet:-1, max-image-preview:large, max-video-preview:-1\" \/>\n<link rel=\"canonical\" href=\"https:\/\/greengiantcanada.ca\/?post_type=product&p=11497\" \/>\n<meta property=\"og:locale\" content=\"fr_FR\" \/>\n<meta property=\"og:type\" content=\"article\" \/>\n<meta property=\"og:title\" content=\"GREEN GIANT* SIMPLY STEAM MA\u00cfS STYLE SUD-OUEST\" \/>\n<meta property=\"og:description\" content=\"Un m\u00e9lange unique de ma\u00efs, de poivrons rouges et verts et d\u2019assaisonnement. Pr\u00e9parez un d\u00e9licieux plat d\u2019accompagnement qui se cuisine parfaitement en\" \/>\n<meta property=\"og:url\" content=\"https:\/\/greengiantcanada.ca\/?post_type=product&amp;p=11497\" \/>\n<meta property=\"og:site_name\" content=\"Green Giant* Canada\" \/>\n<meta property=\"article:publisher\" content=\"https:\/\/www.facebook.com\/greengiantcanada\/\" \/>\n<meta property=\"og:image\" content=\"https:\/\/greengiantcanada.ca\/wp-content\/uploads\/ss-southwestern-style-corn.png\" \/>\n\t<meta property=\"og:image:width\" content=\"530\" \/>\n\t<meta property=\"og:image:height\" content=\"530\" \/>\n\t<meta property=\"og:image:type\" content=\"image\/png\" \/>\n<meta name=\"twitter:card\" content=\"summary_large_image\" \/>\n<script type=\"application\/ld+json\" class=\"yoast-schema-graph\">{\"@context\":\"https:\/\/schema.org\",\"@graph\":[{\"@type\":\"WebPage\",\"@id\":\"https:\/\/greengiantcanada.ca\/?post_type=product&p=11497\",\"url\":\"https:\/\/greengiantcanada.ca\/?post_type=product&p=11497\",\"name\":\"GREEN GIANT* SIMPLY STEAM MA\u00cfS STYLE SUD-OUEST - Green Giant* Canada\",\"isPartOf\":{\"@id\":\"https:\/\/greengiantcanada.ca\/#website\"},\"primaryImageOfPage\":{\"@id\":\"https:\/\/greengiantcanada.ca\/?post_type=product&p=11497#primaryimage\"},\"image\":{\"@id\":\"https:\/\/greengiantcanada.ca\/?post_type=product&p=11497#primaryimage\"},\"thumbnailUrl\":\"https:\/\/greengiantcanada.ca\/wp-content\/uploads\/ss-southwestern-style-corn.png\",\"datePublished\":\"2022-03-28T15:57:07+00:00\",\"breadcrumb\":{\"@id\":\"https:\/\/greengiantcanada.ca\/?post_type=product&p=11497#breadcrumb\"},\"inLanguage\":\"fr-FR\",\"potentialAction\":[{\"@type\":\"ReadAction\",\"target\":[\"https:\/\/greengiantcanada.ca\/?post_type=product&p=11497\"]}]},{\"@type\":\"ImageObject\",\"inLanguage\":\"fr-FR\",\"@id\":\"https:\/\/greengiantcanada.ca\/?post_type=product&p=11497#primaryimage\",\"url\":\"https:\/\/greengiantcanada.ca\/wp-content\/uploads\/ss-southwestern-style-corn.png\",\"contentUrl\":\"https:\/\/greengiantcanada.ca\/wp-content\/uploads\/ss-southwestern-style-corn.png\",\"width\":530,\"height\":530},{\"@type\":\"BreadcrumbList\",\"@id\":\"https:\/\/greengiantcanada.ca\/?post_type=product&p=11497#breadcrumb\",\"itemListElement\":[{\"@type\":\"ListItem\",\"position\":1,\"name\":\"Home\",\"item\":\"https:\/\/greengiantcanada.ca\/fr\/\"},{\"@type\":\"ListItem\",\"position\":2,\"name\":\"Our Products\",\"item\":\"https:\/\/greengiantcanada.ca\/our-products\/\"},{\"@type\":\"ListItem\",\"position\":3,\"name\":\"GREEN GIANT* SIMPLY STEAM MA\u00cfS STYLE SUD-OUEST\"}]},{\"@type\":\"WebSite\",\"@id\":\"https:\/\/greengiantcanada.ca\/#website\",\"url\":\"https:\/\/greengiantcanada.ca\/\",\"name\":\"Green Giant* Canada\",\"description\":\"Welcome to the home of the Green Giant. Have a look at all of our vegetables and delicious recipes.\",\"publisher\":{\"@id\":\"https:\/\/greengiantcanada.ca\/#organization\"},\"potentialAction\":[{\"@type\":\"SearchAction\",\"target\":{\"@type\":\"EntryPoint\",\"urlTemplate\":\"https:\/\/greengiantcanada.ca\/?s={search_term_string}\"},\"query-input\":{\"@type\":\"PropertyValueSpecification\",\"valueRequired\":true,\"valueName\":\"search_term_string\"}}],\"inLanguage\":\"fr-FR\"},{\"@type\":\"Organization\",\"@id\":\"https:\/\/greengiantcanada.ca\/#organization\",\"name\":\"Green Giant* Canada\",\"url\":\"https:\/\/greengiantcanada.ca\/\",\"logo\":{\"@type\":\"ImageObject\",\"inLanguage\":\"fr-FR\",\"@id\":\"https:\/\/greengiantcanada.ca\/#\/schema\/logo\/image\/\",\"url\":\"https:\/\/greengiantcanada.ca\/wp-content\/uploads\/main-logo.png\",\"contentUrl\":\"https:\/\/greengiantcanada.ca\/wp-content\/uploads\/main-logo.png\",\"width\":181,\"height\":203,\"caption\":\"Green Giant* Canada\"},\"image\":{\"@id\":\"https:\/\/greengiantcanada.ca\/#\/schema\/logo\/image\/\"},\"sameAs\":[\"https:\/\/www.facebook.com\/greengiantcanada\/\",\"https:\/\/www.pinterest.ca\/greengiantcanada\/_created\/\",\"https:\/\/www.youtube.com\/channel\/UClXpcIXX3toIjW1HgKau_zA\"]}]}<\/script>\n<!-- \/ Yoast SEO Premium plugin. -->","yoast_head_json":{"title":"GREEN GIANT* SIMPLY STEAM MA\u00cfS STYLE SUD-OUEST - Green Giant* Canada","robots":{"index":"index","follow":"follow","max-snippet":"max-snippet:-1","max-image-preview":"max-image-preview:large","max-video-preview":"max-video-preview:-1"},"canonical":"https:\/\/greengiantcanada.ca\/?post_type=product&p=11497","og_locale":"fr_FR","og_type":"article","og_title":"GREEN GIANT* SIMPLY STEAM MA\u00cfS STYLE SUD-OUEST","og_description":"Un m\u00e9lange unique de ma\u00efs, de poivrons rouges et verts et d\u2019assaisonnement. Pr\u00e9parez un d\u00e9licieux plat d\u2019accompagnement qui se cuisine parfaitement en","og_url":"https:\/\/greengiantcanada.ca\/?post_type=product&p=11497","og_site_name":"Green Giant* Canada","article_publisher":"https:\/\/www.facebook.com\/greengiantcanada\/","og_image":[{"width":530,"height":530,"url":"https:\/\/greengiantcanada.ca\/wp-content\/uploads\/ss-southwestern-style-corn.png","type":"image\/png"}],"twitter_card":"summary_large_image","schema":{"@context":"https:\/\/schema.org","@graph":[{"@type":"WebPage","@id":"https:\/\/greengiantcanada.ca\/?post_type=product&p=11497","url":"https:\/\/greengiantcanada.ca\/?post_type=product&p=11497","name":"GREEN GIANT* SIMPLY STEAM MA\u00cfS STYLE SUD-OUEST - Green Giant* Canada","isPartOf":{"@id":"https:\/\/greengiantcanada.ca\/#website"},"primaryImageOfPage":{"@id":"https:\/\/greengiantcanada.ca\/?post_type=product&p=11497#primaryimage"},"image":{"@id":"https:\/\/greengiantcanada.ca\/?post_type=product&p=11497#primaryimage"},"thumbnailUrl":"https:\/\/greengiantcanada.ca\/wp-content\/uploads\/ss-southwestern-style-corn.png","datePublished":"2022-03-28T15:57:07+00:00","breadcrumb":{"@id":"https:\/\/greengiantcanada.ca\/?post_type=product&p=11497#breadcrumb"},"inLanguage":"fr-FR","potentialAction":[{"@type":"ReadAction","target":["https:\/\/greengiantcanada.ca\/?post_type=product&p=11497"]}]},{"@type":"ImageObject","inLanguage":"fr-FR","@id":"https:\/\/greengiantcanada.ca\/?post_type=product&p=11497#primaryimage","url":"https:\/\/greengiantcanada.ca\/wp-content\/uploads\/ss-southwestern-style-corn.png","contentUrl":"https:\/\/greengiantcanada.ca\/wp-content\/uploads\/ss-southwestern-style-corn.png","width":530,"height":530},{"@type":"BreadcrumbList","@id":"https:\/\/greengiantcanada.ca\/?post_type=product&p=11497#breadcrumb","itemListElement":[{"@type":"ListItem","position":1,"name":"Home","item":"https:\/\/greengiantcanada.ca\/fr\/"},{"@type":"ListItem","position":2,"name":"Our Products","item":"https:\/\/greengiantcanada.ca\/our-products\/"},{"@type":"ListItem","position":3,"name":"GREEN GIANT* SIMPLY STEAM MA\u00cfS STYLE SUD-OUEST"}]},{"@type":"WebSite","@id":"https:\/\/greengiantcanada.ca\/#website","url":"https:\/\/greengiantcanada.ca\/","name":"Green Giant* Canada","description":"Welcome to the home of the Green Giant. Have a look at all of our vegetables and delicious recipes.","publisher":{"@id":"https:\/\/greengiantcanada.ca\/#organization"},"potentialAction":[{"@type":"SearchAction","target":{"@type":"EntryPoint","urlTemplate":"https:\/\/greengiantcanada.ca\/?s={search_term_string}"},"query-input":{"@type":"PropertyValueSpecification","valueRequired":true,"valueName":"search_term_string"}}],"inLanguage":"fr-FR"},{"@type":"Organization","@id":"https:\/\/greengiantcanada.ca\/#organization","name":"Green Giant* Canada","url":"https:\/\/greengiantcanada.ca\/","logo":{"@type":"ImageObject","inLanguage":"fr-FR","@id":"https:\/\/greengiantcanada.ca\/#\/schema\/logo\/image\/","url":"https:\/\/greengiantcanada.ca\/wp-content\/uploads\/main-logo.png","contentUrl":"https:\/\/greengiantcanada.ca\/wp-content\/uploads\/main-logo.png","width":181,"height":203,"caption":"Green Giant* Canada"},"image":{"@id":"https:\/\/greengiantcanada.ca\/#\/schema\/logo\/image\/"},"sameAs":["https:\/\/www.facebook.com\/greengiantcanada\/","https:\/\/www.pinterest.ca\/greengiantcanada\/_created\/","https:\/\/www.youtube.com\/channel\/UClXpcIXX3toIjW1HgKau_zA"]}]}},"_links":{"self":[{"href":"https:\/\/greengiantcanada.ca\/fr\/wp-json\/wp\/v2\/product\/11502","targetHints":{"allow":["GET"]}}],"collection":[{"href":"https:\/\/greengiantcanada.ca\/fr\/wp-json\/wp\/v2\/product"}],"about":[{"href":"https:\/\/greengiantcanada.ca\/fr\/wp-json\/wp\/v2\/types\/product"}],"wp:featuredmedia":[{"embeddable":true,"href":"https:\/\/greengiantcanada.ca\/fr\/wp-json\/wp\/v2\/media\/11501"}],"wp:attachment":[{"href":"https:\/\/greengiantcanada.ca\/fr\/wp-json\/wp\/v2\/media?parent=11502"}],"wp:term":[{"taxonomy":"product_brand","embeddable":true,"href":"https:\/\/greengiantcanada.ca\/fr\/wp-json\/wp\/v2\/product_brand?post=11502"},{"taxonomy":"product_cat","embeddable":true,"href":"https:\/\/greengiantcanada.ca\/fr\/wp-json\/wp\/v2\/product_cat?post=11502"},{"taxonomy":"product_tag","embeddable":true,"href":"https:\/\/greengiantcanada.ca\/fr\/wp-json\/wp\/v2\/product_tag?post=11502"}],"curies":[{"name":"wp","href":"https:\/\/api.w.org\/{rel}","templated":true}]}}