{"id":12013,"date":"2024-03-20T19:00:10","date_gmt":"2024-03-20T19:00:10","guid":{"rendered":"https:\/\/ggiantcastage.wpengine.com\/?post_type=product&#038;p=12013"},"modified":"2025-12-18T15:34:28","modified_gmt":"2025-12-18T15:34:28","slug":"a-cote-comme-au-restaurant-geant-vert-asperges-pommes-de-terre-rouges-roties-et-oignons-avec-sel-de-mer-et-poivre-noir-concasse","status":"publish","type":"product","link":"https:\/\/greengiantcanada.ca\/fr\/our-products\/a-cote-comme-au-restaurant-geant-vert-asperges-pommes-de-terre-rouges-roties-et-oignons-avec-sel-de-mer-et-poivre-noir-concasse\/","title":{"rendered":"\u00c0-C\u00d4T\u00c9S COMME AU RESTAURANT G\u00c9ANT VERT \u2013 ASPERGES, POMMES DE TERRE ROUGES R\u00d4TIES ET OIGNONS AVEC SEL DE MER ET POIVRE NOIR CONCASS\u00c9"},"content":{"rendered":"<p>GAGNEZ DU TEMPS GR\u00c2CE \u00c0 CE SUCCULENT \u00c0-C\u00d4T\u00c9 INSPIR\u00c9 DES GRANDS CHEFS. PAS BESOIN D\u2019\u00c9PLUCHER NI DE COUPER. PR\u00c9PAR\u00c9 AVEC SOIN \u00c0 PARTIR D\u2019ASPERGES ET DE POMMES DE TERRE ROUGES R\u00d4TIES, PUIS AGR\u00c9MENT\u00c9 D\u2019UNE PINC\u00c9E DE SEL DE MER ET DE POIVRE CONCASS\u00c9.<\/p>\n","protected":false},"excerpt":{"rendered":"<p>GAGNEZ DU TEMPS GR\u00c2CE \u00c0 CE SUCCULENT \u00c0-C\u00d4T\u00c9 INSPIR\u00c9 DES GRANDS CHEFS. PAS BESOIN D\u2019\u00c9PLUCHER NI DE COUPER. PR\u00c9PAR\u00c9 AVEC SOIN \u00c0 PARTIR D\u2019ASPERGES ET DE POMMES DE TERRE ROUGES R\u00d4TIES, PUIS AGR\u00c9MENT\u00c9 D\u2019UNE PINC\u00c9E DE SEL DE MER ET DE POIVRE CONCASS\u00c9.<\/p>\n","protected":false},"featured_media":11881,"template":"","meta":{"_acf_changed":false},"product_brand":[],"product_cat":[693],"product_tag":[],"class_list":{"0":"post-12013","1":"product","2":"type-product","3":"status-publish","4":"has-post-thumbnail","6":"vegetables_contained-yellow-onion-fr","7":"vegetables_contained-potatoes-fr","8":"product_cat-restaurant-sides-fr","10":"first","11":"instock","12":"shipping-taxable","13":"product-type-simple"},"acf":[],"yoast_head":"<!-- This site is optimized with the Yoast SEO Premium plugin v26.0 (Yoast SEO v27.0) - https:\/\/yoast.com\/product\/yoast-seo-premium-wordpress\/ -->\n<title>\u00c0-C\u00d4T\u00c9S COMME AU RESTAURANT G\u00c9ANT VERT \u2013 ASPERGES, POMMES DE TERRE ROUGES R\u00d4TIES ET OIGNONS AVEC SEL DE MER ET POIVRE NOIR CONCASS\u00c9 - Green Giant* Canada<\/title>\n<meta name=\"robots\" content=\"index, follow, max-snippet:-1, max-image-preview:large, max-video-preview:-1\" \/>\n<link rel=\"canonical\" href=\"https:\/\/greengiantcanada.ca\/fr\/our-products\/a-cote-comme-au-restaurant-geant-vert-asperges-pommes-de-terre-rouges-roties-et-oignons-avec-sel-de-mer-et-poivre-noir-concasse\/\" \/>\n<meta property=\"og:locale\" content=\"fr_FR\" \/>\n<meta property=\"og:type\" content=\"article\" \/>\n<meta property=\"og:title\" content=\"\u00c0-C\u00d4T\u00c9S COMME AU RESTAURANT G\u00c9ANT VERT \u2013 ASPERGES, POMMES DE TERRE ROUGES R\u00d4TIES ET OIGNONS AVEC SEL DE MER ET POIVRE NOIR CONCASS\u00c9\" \/>\n<meta property=\"og:description\" content=\"GAGNEZ DU TEMPS GR\u00c2CE \u00c0 CE SUCCULENT \u00c0-C\u00d4T\u00c9 INSPIR\u00c9 DES GRANDS CHEFS. PAS BESOIN D\u2019\u00c9PLUCHER NI DE COUPER. PR\u00c9PAR\u00c9 AVEC SOIN \u00c0 PARTIR D\u2019ASPERGES ET DE\" \/>\n<meta property=\"og:url\" content=\"https:\/\/greengiantcanada.ca\/fr\/our-products\/a-cote-comme-au-restaurant-geant-vert-asperges-pommes-de-terre-rouges-roties-et-oignons-avec-sel-de-mer-et-poivre-noir-concasse\/\" \/>\n<meta property=\"og:site_name\" content=\"Green Giant* Canada\" \/>\n<meta property=\"article:publisher\" content=\"https:\/\/www.facebook.com\/greengiantcanada\/\" \/>\n<meta property=\"article:modified_time\" content=\"2025-12-18T15:34:28+00:00\" \/>\n<meta property=\"og:image\" content=\"https:\/\/greengiantcanada.ca\/wp-content\/uploads\/00190569680505_C1C1_2500800797-Asparagus-front-1024x1024.png\" \/>\n\t<meta property=\"og:image:width\" content=\"1024\" \/>\n\t<meta property=\"og:image:height\" content=\"1024\" \/>\n\t<meta property=\"og:image:type\" content=\"image\/png\" \/>\n<meta name=\"twitter:card\" content=\"summary_large_image\" \/>\n<meta name=\"twitter:label1\" content=\"Dur\u00e9e de lecture estim\u00e9e\" \/>\n\t<meta name=\"twitter:data1\" content=\"1 minute\" \/>\n<script type=\"application\/ld+json\" class=\"yoast-schema-graph\">{\"@context\":\"https:\/\/schema.org\",\"@graph\":[{\"@type\":\"WebPage\",\"@id\":\"https:\/\/greengiantcanada.ca\/fr\/our-products\/a-cote-comme-au-restaurant-geant-vert-asperges-pommes-de-terre-rouges-roties-et-oignons-avec-sel-de-mer-et-poivre-noir-concasse\/\",\"url\":\"https:\/\/greengiantcanada.ca\/fr\/our-products\/a-cote-comme-au-restaurant-geant-vert-asperges-pommes-de-terre-rouges-roties-et-oignons-avec-sel-de-mer-et-poivre-noir-concasse\/\",\"name\":\"\u00c0-C\u00d4T\u00c9S COMME AU RESTAURANT G\u00c9ANT VERT \u2013 ASPERGES, POMMES DE TERRE ROUGES R\u00d4TIES ET OIGNONS AVEC SEL DE MER ET POIVRE NOIR CONCASS\u00c9 - Green Giant* Canada\",\"isPartOf\":{\"@id\":\"https:\/\/greengiantcanada.ca\/#website\"},\"primaryImageOfPage\":{\"@id\":\"https:\/\/greengiantcanada.ca\/fr\/our-products\/a-cote-comme-au-restaurant-geant-vert-asperges-pommes-de-terre-rouges-roties-et-oignons-avec-sel-de-mer-et-poivre-noir-concasse\/#primaryimage\"},\"image\":{\"@id\":\"https:\/\/greengiantcanada.ca\/fr\/our-products\/a-cote-comme-au-restaurant-geant-vert-asperges-pommes-de-terre-rouges-roties-et-oignons-avec-sel-de-mer-et-poivre-noir-concasse\/#primaryimage\"},\"thumbnailUrl\":\"https:\/\/greengiantcanada.ca\/wp-content\/uploads\/00190569680505_C1C1_2500800797-Asparagus-front.png\",\"datePublished\":\"2024-03-20T19:00:10+00:00\",\"dateModified\":\"2025-12-18T15:34:28+00:00\",\"breadcrumb\":{\"@id\":\"https:\/\/greengiantcanada.ca\/fr\/our-products\/a-cote-comme-au-restaurant-geant-vert-asperges-pommes-de-terre-rouges-roties-et-oignons-avec-sel-de-mer-et-poivre-noir-concasse\/#breadcrumb\"},\"inLanguage\":\"fr-FR\",\"potentialAction\":[{\"@type\":\"ReadAction\",\"target\":[\"https:\/\/greengiantcanada.ca\/fr\/our-products\/a-cote-comme-au-restaurant-geant-vert-asperges-pommes-de-terre-rouges-roties-et-oignons-avec-sel-de-mer-et-poivre-noir-concasse\/\"]}]},{\"@type\":\"ImageObject\",\"inLanguage\":\"fr-FR\",\"@id\":\"https:\/\/greengiantcanada.ca\/fr\/our-products\/a-cote-comme-au-restaurant-geant-vert-asperges-pommes-de-terre-rouges-roties-et-oignons-avec-sel-de-mer-et-poivre-noir-concasse\/#primaryimage\",\"url\":\"https:\/\/greengiantcanada.ca\/wp-content\/uploads\/00190569680505_C1C1_2500800797-Asparagus-front.png\",\"contentUrl\":\"https:\/\/greengiantcanada.ca\/wp-content\/uploads\/00190569680505_C1C1_2500800797-Asparagus-front.png\",\"width\":3000,\"height\":3000},{\"@type\":\"BreadcrumbList\",\"@id\":\"https:\/\/greengiantcanada.ca\/fr\/our-products\/a-cote-comme-au-restaurant-geant-vert-asperges-pommes-de-terre-rouges-roties-et-oignons-avec-sel-de-mer-et-poivre-noir-concasse\/#breadcrumb\",\"itemListElement\":[{\"@type\":\"ListItem\",\"position\":1,\"name\":\"Home\",\"item\":\"https:\/\/greengiantcanada.ca\/fr\/\"},{\"@type\":\"ListItem\",\"position\":2,\"name\":\"Our Products\",\"item\":\"https:\/\/greengiantcanada.ca\/our-products\/\"},{\"@type\":\"ListItem\",\"position\":3,\"name\":\"\u00c0-C\u00d4T\u00c9S COMME AU RESTAURANT G\u00c9ANT VERT \u2013 ASPERGES, POMMES DE TERRE ROUGES R\u00d4TIES ET OIGNONS AVEC SEL DE MER ET POIVRE NOIR CONCASS\u00c9\"}]},{\"@type\":\"WebSite\",\"@id\":\"https:\/\/greengiantcanada.ca\/#website\",\"url\":\"https:\/\/greengiantcanada.ca\/\",\"name\":\"Green Giant* Canada\",\"description\":\"Welcome to the home of the Green Giant. Have a look at all of our vegetables and delicious recipes.\",\"publisher\":{\"@id\":\"https:\/\/greengiantcanada.ca\/#organization\"},\"potentialAction\":[{\"@type\":\"SearchAction\",\"target\":{\"@type\":\"EntryPoint\",\"urlTemplate\":\"https:\/\/greengiantcanada.ca\/?s={search_term_string}\"},\"query-input\":{\"@type\":\"PropertyValueSpecification\",\"valueRequired\":true,\"valueName\":\"search_term_string\"}}],\"inLanguage\":\"fr-FR\"},{\"@type\":\"Organization\",\"@id\":\"https:\/\/greengiantcanada.ca\/#organization\",\"name\":\"Green Giant* Canada\",\"url\":\"https:\/\/greengiantcanada.ca\/\",\"logo\":{\"@type\":\"ImageObject\",\"inLanguage\":\"fr-FR\",\"@id\":\"https:\/\/greengiantcanada.ca\/#\/schema\/logo\/image\/\",\"url\":\"https:\/\/greengiantcanada.ca\/wp-content\/uploads\/main-logo.png\",\"contentUrl\":\"https:\/\/greengiantcanada.ca\/wp-content\/uploads\/main-logo.png\",\"width\":181,\"height\":203,\"caption\":\"Green Giant* Canada\"},\"image\":{\"@id\":\"https:\/\/greengiantcanada.ca\/#\/schema\/logo\/image\/\"},\"sameAs\":[\"https:\/\/www.facebook.com\/greengiantcanada\/\",\"https:\/\/www.pinterest.ca\/greengiantcanada\/_created\/\",\"https:\/\/www.youtube.com\/channel\/UClXpcIXX3toIjW1HgKau_zA\"]}]}<\/script>\n<!-- \/ Yoast SEO Premium plugin. -->","yoast_head_json":{"title":"\u00c0-C\u00d4T\u00c9S COMME AU RESTAURANT G\u00c9ANT VERT \u2013 ASPERGES, POMMES DE TERRE ROUGES R\u00d4TIES ET OIGNONS AVEC SEL DE MER ET POIVRE NOIR CONCASS\u00c9 - Green Giant* Canada","robots":{"index":"index","follow":"follow","max-snippet":"max-snippet:-1","max-image-preview":"max-image-preview:large","max-video-preview":"max-video-preview:-1"},"canonical":"https:\/\/greengiantcanada.ca\/fr\/our-products\/a-cote-comme-au-restaurant-geant-vert-asperges-pommes-de-terre-rouges-roties-et-oignons-avec-sel-de-mer-et-poivre-noir-concasse\/","og_locale":"fr_FR","og_type":"article","og_title":"\u00c0-C\u00d4T\u00c9S COMME AU RESTAURANT G\u00c9ANT VERT \u2013 ASPERGES, POMMES DE TERRE ROUGES R\u00d4TIES ET OIGNONS AVEC SEL DE MER ET POIVRE NOIR CONCASS\u00c9","og_description":"GAGNEZ DU TEMPS GR\u00c2CE \u00c0 CE SUCCULENT \u00c0-C\u00d4T\u00c9 INSPIR\u00c9 DES GRANDS CHEFS. PAS BESOIN D\u2019\u00c9PLUCHER NI DE COUPER. PR\u00c9PAR\u00c9 AVEC SOIN \u00c0 PARTIR D\u2019ASPERGES ET DE","og_url":"https:\/\/greengiantcanada.ca\/fr\/our-products\/a-cote-comme-au-restaurant-geant-vert-asperges-pommes-de-terre-rouges-roties-et-oignons-avec-sel-de-mer-et-poivre-noir-concasse\/","og_site_name":"Green Giant* Canada","article_publisher":"https:\/\/www.facebook.com\/greengiantcanada\/","article_modified_time":"2025-12-18T15:34:28+00:00","og_image":[{"width":1024,"height":1024,"url":"https:\/\/greengiantcanada.ca\/wp-content\/uploads\/00190569680505_C1C1_2500800797-Asparagus-front-1024x1024.png","type":"image\/png"}],"twitter_card":"summary_large_image","twitter_misc":{"Dur\u00e9e de lecture estim\u00e9e":"1 minute"},"schema":{"@context":"https:\/\/schema.org","@graph":[{"@type":"WebPage","@id":"https:\/\/greengiantcanada.ca\/fr\/our-products\/a-cote-comme-au-restaurant-geant-vert-asperges-pommes-de-terre-rouges-roties-et-oignons-avec-sel-de-mer-et-poivre-noir-concasse\/","url":"https:\/\/greengiantcanada.ca\/fr\/our-products\/a-cote-comme-au-restaurant-geant-vert-asperges-pommes-de-terre-rouges-roties-et-oignons-avec-sel-de-mer-et-poivre-noir-concasse\/","name":"\u00c0-C\u00d4T\u00c9S COMME AU RESTAURANT G\u00c9ANT VERT \u2013 ASPERGES, POMMES DE TERRE ROUGES R\u00d4TIES ET OIGNONS AVEC SEL DE MER ET POIVRE NOIR CONCASS\u00c9 - Green Giant* Canada","isPartOf":{"@id":"https:\/\/greengiantcanada.ca\/#website"},"primaryImageOfPage":{"@id":"https:\/\/greengiantcanada.ca\/fr\/our-products\/a-cote-comme-au-restaurant-geant-vert-asperges-pommes-de-terre-rouges-roties-et-oignons-avec-sel-de-mer-et-poivre-noir-concasse\/#primaryimage"},"image":{"@id":"https:\/\/greengiantcanada.ca\/fr\/our-products\/a-cote-comme-au-restaurant-geant-vert-asperges-pommes-de-terre-rouges-roties-et-oignons-avec-sel-de-mer-et-poivre-noir-concasse\/#primaryimage"},"thumbnailUrl":"https:\/\/greengiantcanada.ca\/wp-content\/uploads\/00190569680505_C1C1_2500800797-Asparagus-front.png","datePublished":"2024-03-20T19:00:10+00:00","dateModified":"2025-12-18T15:34:28+00:00","breadcrumb":{"@id":"https:\/\/greengiantcanada.ca\/fr\/our-products\/a-cote-comme-au-restaurant-geant-vert-asperges-pommes-de-terre-rouges-roties-et-oignons-avec-sel-de-mer-et-poivre-noir-concasse\/#breadcrumb"},"inLanguage":"fr-FR","potentialAction":[{"@type":"ReadAction","target":["https:\/\/greengiantcanada.ca\/fr\/our-products\/a-cote-comme-au-restaurant-geant-vert-asperges-pommes-de-terre-rouges-roties-et-oignons-avec-sel-de-mer-et-poivre-noir-concasse\/"]}]},{"@type":"ImageObject","inLanguage":"fr-FR","@id":"https:\/\/greengiantcanada.ca\/fr\/our-products\/a-cote-comme-au-restaurant-geant-vert-asperges-pommes-de-terre-rouges-roties-et-oignons-avec-sel-de-mer-et-poivre-noir-concasse\/#primaryimage","url":"https:\/\/greengiantcanada.ca\/wp-content\/uploads\/00190569680505_C1C1_2500800797-Asparagus-front.png","contentUrl":"https:\/\/greengiantcanada.ca\/wp-content\/uploads\/00190569680505_C1C1_2500800797-Asparagus-front.png","width":3000,"height":3000},{"@type":"BreadcrumbList","@id":"https:\/\/greengiantcanada.ca\/fr\/our-products\/a-cote-comme-au-restaurant-geant-vert-asperges-pommes-de-terre-rouges-roties-et-oignons-avec-sel-de-mer-et-poivre-noir-concasse\/#breadcrumb","itemListElement":[{"@type":"ListItem","position":1,"name":"Home","item":"https:\/\/greengiantcanada.ca\/fr\/"},{"@type":"ListItem","position":2,"name":"Our Products","item":"https:\/\/greengiantcanada.ca\/our-products\/"},{"@type":"ListItem","position":3,"name":"\u00c0-C\u00d4T\u00c9S COMME AU RESTAURANT G\u00c9ANT VERT \u2013 ASPERGES, POMMES DE TERRE ROUGES R\u00d4TIES ET OIGNONS AVEC SEL DE MER ET POIVRE NOIR CONCASS\u00c9"}]},{"@type":"WebSite","@id":"https:\/\/greengiantcanada.ca\/#website","url":"https:\/\/greengiantcanada.ca\/","name":"Green Giant* Canada","description":"Welcome to the home of the Green Giant. Have a look at all of our vegetables and delicious recipes.","publisher":{"@id":"https:\/\/greengiantcanada.ca\/#organization"},"potentialAction":[{"@type":"SearchAction","target":{"@type":"EntryPoint","urlTemplate":"https:\/\/greengiantcanada.ca\/?s={search_term_string}"},"query-input":{"@type":"PropertyValueSpecification","valueRequired":true,"valueName":"search_term_string"}}],"inLanguage":"fr-FR"},{"@type":"Organization","@id":"https:\/\/greengiantcanada.ca\/#organization","name":"Green Giant* Canada","url":"https:\/\/greengiantcanada.ca\/","logo":{"@type":"ImageObject","inLanguage":"fr-FR","@id":"https:\/\/greengiantcanada.ca\/#\/schema\/logo\/image\/","url":"https:\/\/greengiantcanada.ca\/wp-content\/uploads\/main-logo.png","contentUrl":"https:\/\/greengiantcanada.ca\/wp-content\/uploads\/main-logo.png","width":181,"height":203,"caption":"Green Giant* Canada"},"image":{"@id":"https:\/\/greengiantcanada.ca\/#\/schema\/logo\/image\/"},"sameAs":["https:\/\/www.facebook.com\/greengiantcanada\/","https:\/\/www.pinterest.ca\/greengiantcanada\/_created\/","https:\/\/www.youtube.com\/channel\/UClXpcIXX3toIjW1HgKau_zA"]}]}},"_links":{"self":[{"href":"https:\/\/greengiantcanada.ca\/fr\/wp-json\/wp\/v2\/product\/12013","targetHints":{"allow":["GET"]}}],"collection":[{"href":"https:\/\/greengiantcanada.ca\/fr\/wp-json\/wp\/v2\/product"}],"about":[{"href":"https:\/\/greengiantcanada.ca\/fr\/wp-json\/wp\/v2\/types\/product"}],"wp:featuredmedia":[{"embeddable":true,"href":"https:\/\/greengiantcanada.ca\/fr\/wp-json\/wp\/v2\/media\/11881"}],"wp:attachment":[{"href":"https:\/\/greengiantcanada.ca\/fr\/wp-json\/wp\/v2\/media?parent=12013"}],"wp:term":[{"taxonomy":"product_brand","embeddable":true,"href":"https:\/\/greengiantcanada.ca\/fr\/wp-json\/wp\/v2\/product_brand?post=12013"},{"taxonomy":"product_cat","embeddable":true,"href":"https:\/\/greengiantcanada.ca\/fr\/wp-json\/wp\/v2\/product_cat?post=12013"},{"taxonomy":"product_tag","embeddable":true,"href":"https:\/\/greengiantcanada.ca\/fr\/wp-json\/wp\/v2\/product_tag?post=12013"}],"curies":[{"name":"wp","href":"https:\/\/api.w.org\/{rel}","templated":true}]}}