{"id":12034,"date":"2025-10-02T14:34:17","date_gmt":"2025-10-02T14:34:17","guid":{"rendered":"https:\/\/ggiantcastage.wpengine.com\/?post_type=product&#038;p=12034"},"modified":"2025-12-18T15:38:02","modified_gmt":"2025-12-18T15:38:02","slug":"a-cote-comme-au-restaurant-geant-vert-pommes-de-terre-trois-couleurs-avec-assaisonnement-beurre-aux-fines-herbes","status":"publish","type":"product","link":"https:\/\/greengiantcanada.ca\/fr\/our-products\/a-cote-comme-au-restaurant-geant-vert-pommes-de-terre-trois-couleurs-avec-assaisonnement-beurre-aux-fines-herbes\/","title":{"rendered":"\u00c0-C\u00d4T\u00c9S COMME AU RESTAURANT G\u00c9ANT VERT \u2013 POMMES DE TERRE TROIS COULEURS AVEC ASSAISONNEMENT BEURRE AUX FINES HERBES"},"content":{"rendered":"<p>CE M\u00c9LANGE DE POMMES DE TERRE ROUGES ET DOR\u00c9ES R\u00d4TIES ET DE POMMES DE TERRE VIOLETTES ASSAISONN\u00c9ES DE BEURRE AUX FINES HERBES EST NON SEULEMENT D\u00c9LICIEUX, MAIS IL APPORTE \u00c9GALEMENT DE LA COULEUR \u00c0 VOTRE ASSIETTE. BON APP\u00c9TIT!<\/p>\n","protected":false},"excerpt":{"rendered":"<p>CE M\u00c9LANGE DE POMMES DE TERRE ROUGES ET DOR\u00c9ES R\u00d4TIES ET DE POMMES DE TERRE VIOLETTES ASSAISONN\u00c9ES DE BEURRE AUX FINES HERBES EST NON SEULEMENT D\u00c9LICIEUX, MAIS IL APPORTE \u00c9GALEMENT DE LA COULEUR \u00c0 VOTRE ASSIETTE. BON APP\u00c9TIT!<\/p>\n","protected":false},"featured_media":12027,"template":"","meta":{"_acf_changed":false},"product_brand":[],"product_cat":[693,688],"product_tag":[],"class_list":{"0":"post-12034","1":"product","2":"type-product","3":"status-publish","4":"has-post-thumbnail","6":"vegetables_contained-potatoes-fr","7":"product_cat-restaurant-sides-fr","8":"product_cat-legumes-surgeles","10":"first","11":"instock","12":"shipping-taxable","13":"product-type-simple"},"acf":[],"yoast_head":"<!-- This site is optimized with the Yoast SEO Premium plugin v26.0 (Yoast SEO v27.0) - https:\/\/yoast.com\/product\/yoast-seo-premium-wordpress\/ -->\n<title>\u00c0-C\u00d4T\u00c9S COMME AU RESTAURANT G\u00c9ANT VERT \u2013 POMMES DE TERRE TROIS COULEURS AVEC ASSAISONNEMENT BEURRE AUX FINES HERBES - Green Giant* Canada<\/title>\n<meta name=\"robots\" content=\"index, follow, max-snippet:-1, max-image-preview:large, max-video-preview:-1\" \/>\n<link rel=\"canonical\" href=\"https:\/\/greengiantcanada.ca\/fr\/our-products\/a-cote-comme-au-restaurant-geant-vert-pommes-de-terre-trois-couleurs-avec-assaisonnement-beurre-aux-fines-herbes\/\" \/>\n<meta property=\"og:locale\" content=\"fr_FR\" \/>\n<meta property=\"og:type\" content=\"article\" \/>\n<meta property=\"og:title\" content=\"\u00c0-C\u00d4T\u00c9S COMME AU RESTAURANT G\u00c9ANT VERT \u2013 POMMES DE TERRE TROIS COULEURS AVEC ASSAISONNEMENT BEURRE AUX FINES HERBES\" \/>\n<meta property=\"og:description\" content=\"CE M\u00c9LANGE DE POMMES DE TERRE ROUGES ET DOR\u00c9ES R\u00d4TIES ET DE POMMES DE TERRE VIOLETTES ASSAISONN\u00c9ES DE BEURRE AUX FINES HERBES EST NON SEULEMENT D\u00c9LICIEUX,\" \/>\n<meta property=\"og:url\" content=\"https:\/\/greengiantcanada.ca\/fr\/our-products\/a-cote-comme-au-restaurant-geant-vert-pommes-de-terre-trois-couleurs-avec-assaisonnement-beurre-aux-fines-herbes\/\" \/>\n<meta property=\"og:site_name\" content=\"Green Giant* Canada\" \/>\n<meta property=\"article:publisher\" content=\"https:\/\/www.facebook.com\/greengiantcanada\/\" \/>\n<meta property=\"article:modified_time\" content=\"2025-12-18T15:38:02+00:00\" \/>\n<meta property=\"og:image\" content=\"https:\/\/greengiantcanada.ca\/wp-content\/uploads\/00190569881858_C1N1_2500800924-bg-bg-resize-1024x1024.png\" \/>\n\t<meta property=\"og:image:width\" content=\"1024\" \/>\n\t<meta property=\"og:image:height\" content=\"1024\" \/>\n\t<meta property=\"og:image:type\" content=\"image\/png\" \/>\n<meta name=\"twitter:card\" content=\"summary_large_image\" \/>\n<meta name=\"twitter:label1\" content=\"Dur\u00e9e de lecture estim\u00e9e\" \/>\n\t<meta name=\"twitter:data1\" content=\"1 minute\" \/>\n<script type=\"application\/ld+json\" class=\"yoast-schema-graph\">{\"@context\":\"https:\/\/schema.org\",\"@graph\":[{\"@type\":\"WebPage\",\"@id\":\"https:\/\/greengiantcanada.ca\/fr\/our-products\/a-cote-comme-au-restaurant-geant-vert-pommes-de-terre-trois-couleurs-avec-assaisonnement-beurre-aux-fines-herbes\/\",\"url\":\"https:\/\/greengiantcanada.ca\/fr\/our-products\/a-cote-comme-au-restaurant-geant-vert-pommes-de-terre-trois-couleurs-avec-assaisonnement-beurre-aux-fines-herbes\/\",\"name\":\"\u00c0-C\u00d4T\u00c9S COMME AU RESTAURANT G\u00c9ANT VERT \u2013 POMMES DE TERRE TROIS COULEURS AVEC ASSAISONNEMENT BEURRE AUX FINES HERBES - Green Giant* Canada\",\"isPartOf\":{\"@id\":\"https:\/\/greengiantcanada.ca\/#website\"},\"primaryImageOfPage\":{\"@id\":\"https:\/\/greengiantcanada.ca\/fr\/our-products\/a-cote-comme-au-restaurant-geant-vert-pommes-de-terre-trois-couleurs-avec-assaisonnement-beurre-aux-fines-herbes\/#primaryimage\"},\"image\":{\"@id\":\"https:\/\/greengiantcanada.ca\/fr\/our-products\/a-cote-comme-au-restaurant-geant-vert-pommes-de-terre-trois-couleurs-avec-assaisonnement-beurre-aux-fines-herbes\/#primaryimage\"},\"thumbnailUrl\":\"https:\/\/greengiantcanada.ca\/wp-content\/uploads\/00190569881858_C1N1_2500800924-bg-bg-resize.png\",\"datePublished\":\"2025-10-02T14:34:17+00:00\",\"dateModified\":\"2025-12-18T15:38:02+00:00\",\"breadcrumb\":{\"@id\":\"https:\/\/greengiantcanada.ca\/fr\/our-products\/a-cote-comme-au-restaurant-geant-vert-pommes-de-terre-trois-couleurs-avec-assaisonnement-beurre-aux-fines-herbes\/#breadcrumb\"},\"inLanguage\":\"fr-FR\",\"potentialAction\":[{\"@type\":\"ReadAction\",\"target\":[\"https:\/\/greengiantcanada.ca\/fr\/our-products\/a-cote-comme-au-restaurant-geant-vert-pommes-de-terre-trois-couleurs-avec-assaisonnement-beurre-aux-fines-herbes\/\"]}]},{\"@type\":\"ImageObject\",\"inLanguage\":\"fr-FR\",\"@id\":\"https:\/\/greengiantcanada.ca\/fr\/our-products\/a-cote-comme-au-restaurant-geant-vert-pommes-de-terre-trois-couleurs-avec-assaisonnement-beurre-aux-fines-herbes\/#primaryimage\",\"url\":\"https:\/\/greengiantcanada.ca\/wp-content\/uploads\/00190569881858_C1N1_2500800924-bg-bg-resize.png\",\"contentUrl\":\"https:\/\/greengiantcanada.ca\/wp-content\/uploads\/00190569881858_C1N1_2500800924-bg-bg-resize.png\",\"width\":1500,\"height\":1500},{\"@type\":\"BreadcrumbList\",\"@id\":\"https:\/\/greengiantcanada.ca\/fr\/our-products\/a-cote-comme-au-restaurant-geant-vert-pommes-de-terre-trois-couleurs-avec-assaisonnement-beurre-aux-fines-herbes\/#breadcrumb\",\"itemListElement\":[{\"@type\":\"ListItem\",\"position\":1,\"name\":\"Home\",\"item\":\"https:\/\/greengiantcanada.ca\/fr\/\"},{\"@type\":\"ListItem\",\"position\":2,\"name\":\"Our Products\",\"item\":\"https:\/\/greengiantcanada.ca\/our-products\/\"},{\"@type\":\"ListItem\",\"position\":3,\"name\":\"\u00c0-C\u00d4T\u00c9S COMME AU RESTAURANT G\u00c9ANT VERT \u2013 POMMES DE TERRE TROIS COULEURS AVEC ASSAISONNEMENT BEURRE AUX FINES HERBES\"}]},{\"@type\":\"WebSite\",\"@id\":\"https:\/\/greengiantcanada.ca\/#website\",\"url\":\"https:\/\/greengiantcanada.ca\/\",\"name\":\"Green Giant* Canada\",\"description\":\"Welcome to the home of the Green Giant. Have a look at all of our vegetables and delicious recipes.\",\"publisher\":{\"@id\":\"https:\/\/greengiantcanada.ca\/#organization\"},\"potentialAction\":[{\"@type\":\"SearchAction\",\"target\":{\"@type\":\"EntryPoint\",\"urlTemplate\":\"https:\/\/greengiantcanada.ca\/?s={search_term_string}\"},\"query-input\":{\"@type\":\"PropertyValueSpecification\",\"valueRequired\":true,\"valueName\":\"search_term_string\"}}],\"inLanguage\":\"fr-FR\"},{\"@type\":\"Organization\",\"@id\":\"https:\/\/greengiantcanada.ca\/#organization\",\"name\":\"Green Giant* Canada\",\"url\":\"https:\/\/greengiantcanada.ca\/\",\"logo\":{\"@type\":\"ImageObject\",\"inLanguage\":\"fr-FR\",\"@id\":\"https:\/\/greengiantcanada.ca\/#\/schema\/logo\/image\/\",\"url\":\"https:\/\/greengiantcanada.ca\/wp-content\/uploads\/main-logo.png\",\"contentUrl\":\"https:\/\/greengiantcanada.ca\/wp-content\/uploads\/main-logo.png\",\"width\":181,\"height\":203,\"caption\":\"Green Giant* Canada\"},\"image\":{\"@id\":\"https:\/\/greengiantcanada.ca\/#\/schema\/logo\/image\/\"},\"sameAs\":[\"https:\/\/www.facebook.com\/greengiantcanada\/\",\"https:\/\/www.pinterest.ca\/greengiantcanada\/_created\/\",\"https:\/\/www.youtube.com\/channel\/UClXpcIXX3toIjW1HgKau_zA\"]}]}<\/script>\n<!-- \/ Yoast SEO Premium plugin. -->","yoast_head_json":{"title":"\u00c0-C\u00d4T\u00c9S COMME AU RESTAURANT G\u00c9ANT VERT \u2013 POMMES DE TERRE TROIS COULEURS AVEC ASSAISONNEMENT BEURRE AUX FINES HERBES - Green Giant* Canada","robots":{"index":"index","follow":"follow","max-snippet":"max-snippet:-1","max-image-preview":"max-image-preview:large","max-video-preview":"max-video-preview:-1"},"canonical":"https:\/\/greengiantcanada.ca\/fr\/our-products\/a-cote-comme-au-restaurant-geant-vert-pommes-de-terre-trois-couleurs-avec-assaisonnement-beurre-aux-fines-herbes\/","og_locale":"fr_FR","og_type":"article","og_title":"\u00c0-C\u00d4T\u00c9S COMME AU RESTAURANT G\u00c9ANT VERT \u2013 POMMES DE TERRE TROIS COULEURS AVEC ASSAISONNEMENT BEURRE AUX FINES HERBES","og_description":"CE M\u00c9LANGE DE POMMES DE TERRE ROUGES ET DOR\u00c9ES R\u00d4TIES ET DE POMMES DE TERRE VIOLETTES ASSAISONN\u00c9ES DE BEURRE AUX FINES HERBES EST NON SEULEMENT D\u00c9LICIEUX,","og_url":"https:\/\/greengiantcanada.ca\/fr\/our-products\/a-cote-comme-au-restaurant-geant-vert-pommes-de-terre-trois-couleurs-avec-assaisonnement-beurre-aux-fines-herbes\/","og_site_name":"Green Giant* Canada","article_publisher":"https:\/\/www.facebook.com\/greengiantcanada\/","article_modified_time":"2025-12-18T15:38:02+00:00","og_image":[{"width":1024,"height":1024,"url":"https:\/\/greengiantcanada.ca\/wp-content\/uploads\/00190569881858_C1N1_2500800924-bg-bg-resize-1024x1024.png","type":"image\/png"}],"twitter_card":"summary_large_image","twitter_misc":{"Dur\u00e9e de lecture estim\u00e9e":"1 minute"},"schema":{"@context":"https:\/\/schema.org","@graph":[{"@type":"WebPage","@id":"https:\/\/greengiantcanada.ca\/fr\/our-products\/a-cote-comme-au-restaurant-geant-vert-pommes-de-terre-trois-couleurs-avec-assaisonnement-beurre-aux-fines-herbes\/","url":"https:\/\/greengiantcanada.ca\/fr\/our-products\/a-cote-comme-au-restaurant-geant-vert-pommes-de-terre-trois-couleurs-avec-assaisonnement-beurre-aux-fines-herbes\/","name":"\u00c0-C\u00d4T\u00c9S COMME AU RESTAURANT G\u00c9ANT VERT \u2013 POMMES DE TERRE TROIS COULEURS AVEC ASSAISONNEMENT BEURRE AUX FINES HERBES - Green Giant* Canada","isPartOf":{"@id":"https:\/\/greengiantcanada.ca\/#website"},"primaryImageOfPage":{"@id":"https:\/\/greengiantcanada.ca\/fr\/our-products\/a-cote-comme-au-restaurant-geant-vert-pommes-de-terre-trois-couleurs-avec-assaisonnement-beurre-aux-fines-herbes\/#primaryimage"},"image":{"@id":"https:\/\/greengiantcanada.ca\/fr\/our-products\/a-cote-comme-au-restaurant-geant-vert-pommes-de-terre-trois-couleurs-avec-assaisonnement-beurre-aux-fines-herbes\/#primaryimage"},"thumbnailUrl":"https:\/\/greengiantcanada.ca\/wp-content\/uploads\/00190569881858_C1N1_2500800924-bg-bg-resize.png","datePublished":"2025-10-02T14:34:17+00:00","dateModified":"2025-12-18T15:38:02+00:00","breadcrumb":{"@id":"https:\/\/greengiantcanada.ca\/fr\/our-products\/a-cote-comme-au-restaurant-geant-vert-pommes-de-terre-trois-couleurs-avec-assaisonnement-beurre-aux-fines-herbes\/#breadcrumb"},"inLanguage":"fr-FR","potentialAction":[{"@type":"ReadAction","target":["https:\/\/greengiantcanada.ca\/fr\/our-products\/a-cote-comme-au-restaurant-geant-vert-pommes-de-terre-trois-couleurs-avec-assaisonnement-beurre-aux-fines-herbes\/"]}]},{"@type":"ImageObject","inLanguage":"fr-FR","@id":"https:\/\/greengiantcanada.ca\/fr\/our-products\/a-cote-comme-au-restaurant-geant-vert-pommes-de-terre-trois-couleurs-avec-assaisonnement-beurre-aux-fines-herbes\/#primaryimage","url":"https:\/\/greengiantcanada.ca\/wp-content\/uploads\/00190569881858_C1N1_2500800924-bg-bg-resize.png","contentUrl":"https:\/\/greengiantcanada.ca\/wp-content\/uploads\/00190569881858_C1N1_2500800924-bg-bg-resize.png","width":1500,"height":1500},{"@type":"BreadcrumbList","@id":"https:\/\/greengiantcanada.ca\/fr\/our-products\/a-cote-comme-au-restaurant-geant-vert-pommes-de-terre-trois-couleurs-avec-assaisonnement-beurre-aux-fines-herbes\/#breadcrumb","itemListElement":[{"@type":"ListItem","position":1,"name":"Home","item":"https:\/\/greengiantcanada.ca\/fr\/"},{"@type":"ListItem","position":2,"name":"Our Products","item":"https:\/\/greengiantcanada.ca\/our-products\/"},{"@type":"ListItem","position":3,"name":"\u00c0-C\u00d4T\u00c9S COMME AU RESTAURANT G\u00c9ANT VERT \u2013 POMMES DE TERRE TROIS COULEURS AVEC ASSAISONNEMENT BEURRE AUX FINES HERBES"}]},{"@type":"WebSite","@id":"https:\/\/greengiantcanada.ca\/#website","url":"https:\/\/greengiantcanada.ca\/","name":"Green Giant* Canada","description":"Welcome to the home of the Green Giant. Have a look at all of our vegetables and delicious recipes.","publisher":{"@id":"https:\/\/greengiantcanada.ca\/#organization"},"potentialAction":[{"@type":"SearchAction","target":{"@type":"EntryPoint","urlTemplate":"https:\/\/greengiantcanada.ca\/?s={search_term_string}"},"query-input":{"@type":"PropertyValueSpecification","valueRequired":true,"valueName":"search_term_string"}}],"inLanguage":"fr-FR"},{"@type":"Organization","@id":"https:\/\/greengiantcanada.ca\/#organization","name":"Green Giant* Canada","url":"https:\/\/greengiantcanada.ca\/","logo":{"@type":"ImageObject","inLanguage":"fr-FR","@id":"https:\/\/greengiantcanada.ca\/#\/schema\/logo\/image\/","url":"https:\/\/greengiantcanada.ca\/wp-content\/uploads\/main-logo.png","contentUrl":"https:\/\/greengiantcanada.ca\/wp-content\/uploads\/main-logo.png","width":181,"height":203,"caption":"Green Giant* Canada"},"image":{"@id":"https:\/\/greengiantcanada.ca\/#\/schema\/logo\/image\/"},"sameAs":["https:\/\/www.facebook.com\/greengiantcanada\/","https:\/\/www.pinterest.ca\/greengiantcanada\/_created\/","https:\/\/www.youtube.com\/channel\/UClXpcIXX3toIjW1HgKau_zA"]}]}},"_links":{"self":[{"href":"https:\/\/greengiantcanada.ca\/fr\/wp-json\/wp\/v2\/product\/12034","targetHints":{"allow":["GET"]}}],"collection":[{"href":"https:\/\/greengiantcanada.ca\/fr\/wp-json\/wp\/v2\/product"}],"about":[{"href":"https:\/\/greengiantcanada.ca\/fr\/wp-json\/wp\/v2\/types\/product"}],"wp:featuredmedia":[{"embeddable":true,"href":"https:\/\/greengiantcanada.ca\/fr\/wp-json\/wp\/v2\/media\/12027"}],"wp:attachment":[{"href":"https:\/\/greengiantcanada.ca\/fr\/wp-json\/wp\/v2\/media?parent=12034"}],"wp:term":[{"taxonomy":"product_brand","embeddable":true,"href":"https:\/\/greengiantcanada.ca\/fr\/wp-json\/wp\/v2\/product_brand?post=12034"},{"taxonomy":"product_cat","embeddable":true,"href":"https:\/\/greengiantcanada.ca\/fr\/wp-json\/wp\/v2\/product_cat?post=12034"},{"taxonomy":"product_tag","embeddable":true,"href":"https:\/\/greengiantcanada.ca\/fr\/wp-json\/wp\/v2\/product_tag?post=12034"}],"curies":[{"name":"wp","href":"https:\/\/api.w.org\/{rel}","templated":true}]}}